{"id":1724,"date":"2023-03-15T15:03:27","date_gmt":"2023-03-15T14:03:27","guid":{"rendered":"https:\/\/svcstaging.energiforsk.se\/research-and-development\/hydraulic-engineering\/rock-mechanics-foundation-engineering\/a-holistic-approach-for-improved-safety-of-concrete-dams\/"},"modified":"2026-02-06T15:57:04","modified_gmt":"2026-02-06T14:57:04","slug":"a-holistic-approach-for-improved-safety-of-concrete-dams","status":"publish","type":"page","link":"https:\/\/svcstaging.energiforsk.se\/en\/research-and-development\/hydraulic-engineering\/rock-mechanics-foundation-engineering\/a-holistic-approach-for-improved-safety-of-concrete-dams\/","title":{"rendered":"A holistic approach for improved safety of concrete damsEn helhetssyn f\u00f6r \u00f6kad s\u00e4kerhet hos betongdammar"},"content":{"rendered":"","protected":false},"excerpt":{"rendered":"","protected":false},"author":7,"featured_media":0,"parent":1654,"menu_order":0,"comment_status":"closed","ping_status":"closed","template":"template-project.blade.php","meta":{"_acf_changed":false,"footnotes":""},"class_list":["post-1724","page","type-page","status-publish","hentry"],"acf":[],"yoast_head":"<!-- This site is optimized with the Yoast SEO plugin v26.9 - https:\/\/yoast.com\/product\/yoast-seo-wordpress\/ -->\n<title>Fluid Mechanics - Experimental<\/title>\n<meta name=\"description\" content=\"This project aim to provide dam engineers with a better understanding of the risk of concrete dam failure in already existing structures.\" \/>\n<meta name=\"robots\" content=\"noindex, follow, max-snippet:-1, max-image-preview:large, max-video-preview:-1\" \/>\n<meta property=\"og:locale\" content=\"en_US\" \/>\n<meta property=\"og:type\" content=\"article\" \/>\n<meta property=\"og:title\" content=\"Fluid Mechanics - Experimental\" \/>\n<meta property=\"og:description\" content=\"This project aim to provide dam engineers with a better understanding of the risk of concrete dam failure in already existing structures.\" \/>\n<meta property=\"og:url\" content=\"https:\/\/svcstaging.energiforsk.se\/en\/research-and-development\/hydraulic-engineering\/rock-mechanics-foundation-engineering\/a-holistic-approach-for-improved-safety-of-concrete-dams\/\" \/>\n<meta property=\"og:site_name\" content=\"svc-energiforsk\" \/>\n<meta property=\"article:modified_time\" content=\"2026-02-06T14:57:04+00:00\" \/>\n<meta name=\"twitter:card\" content=\"summary_large_image\" \/>\n<script type=\"application\/ld+json\" class=\"yoast-schema-graph\">{\"@context\":\"https:\/\/schema.org\",\"@graph\":[{\"@type\":\"WebPage\",\"@id\":\"https:\/\/svcstaging.energiforsk.se\/en\/research-and-development\/hydraulic-engineering\/rock-mechanics-foundation-engineering\/a-holistic-approach-for-improved-safety-of-concrete-dams\/\",\"url\":\"https:\/\/svcstaging.energiforsk.se\/en\/research-and-development\/hydraulic-engineering\/rock-mechanics-foundation-engineering\/a-holistic-approach-for-improved-safety-of-concrete-dams\/\",\"name\":\"Fluid Mechanics - Experimental\",\"isPartOf\":{\"@id\":\"https:\/\/svcstaging.energiforsk.se\/en\/#website\"},\"datePublished\":\"2023-03-15T14:03:27+00:00\",\"dateModified\":\"2026-02-06T14:57:04+00:00\",\"description\":\"This project aim to provide dam engineers with a better understanding of the risk of concrete dam failure in already existing structures.\",\"breadcrumb\":{\"@id\":\"https:\/\/svcstaging.energiforsk.se\/en\/research-and-development\/hydraulic-engineering\/rock-mechanics-foundation-engineering\/a-holistic-approach-for-improved-safety-of-concrete-dams\/#breadcrumb\"},\"inLanguage\":\"en-US\",\"potentialAction\":[{\"@type\":\"ReadAction\",\"target\":[\"https:\/\/svcstaging.energiforsk.se\/en\/research-and-development\/hydraulic-engineering\/rock-mechanics-foundation-engineering\/a-holistic-approach-for-improved-safety-of-concrete-dams\/\"]}]},{\"@type\":\"BreadcrumbList\",\"@id\":\"https:\/\/svcstaging.energiforsk.se\/en\/research-and-development\/hydraulic-engineering\/rock-mechanics-foundation-engineering\/a-holistic-approach-for-improved-safety-of-concrete-dams\/#breadcrumb\",\"itemListElement\":[{\"@type\":\"ListItem\",\"position\":1,\"name\":\"Home\",\"item\":\"https:\/\/svcstaging.energiforsk.se\/en\/home-page-svc\/\"},{\"@type\":\"ListItem\",\"position\":2,\"name\":\"Research and Development\",\"item\":\"https:\/\/svcstaging.energiforsk.se\/en\/research-and-development\/\"},{\"@type\":\"ListItem\",\"position\":3,\"name\":\"Civil and Hydraulic Engineering\",\"item\":\"https:\/\/svcstaging.energiforsk.se\/en\/research-and-development\/hydraulic-engineering\/\"},{\"@type\":\"ListItem\",\"position\":4,\"name\":\"Rock mechanics &#8211; foundation engineering\",\"item\":\"https:\/\/svcstaging.energiforsk.se\/en\/research-and-development\/hydraulic-engineering\/rock-mechanics-foundation-engineering\/\"},{\"@type\":\"ListItem\",\"position\":5,\"name\":\"A holistic approach for improved safety of concrete damsEn helhetssyn f\u00f6r \u00f6kad s\u00e4kerhet hos betongdammar\"}]},{\"@type\":\"WebSite\",\"@id\":\"https:\/\/svcstaging.energiforsk.se\/en\/#website\",\"url\":\"https:\/\/svcstaging.energiforsk.se\/en\/\",\"name\":\"svc-energiforsk\",\"description\":\"SVC - Drivs av Energiforsk\",\"potentialAction\":[{\"@type\":\"SearchAction\",\"target\":{\"@type\":\"EntryPoint\",\"urlTemplate\":\"https:\/\/svcstaging.energiforsk.se\/en\/?s={search_term_string}\"},\"query-input\":{\"@type\":\"PropertyValueSpecification\",\"valueRequired\":true,\"valueName\":\"search_term_string\"}}],\"inLanguage\":\"en-US\"}]}<\/script>\n<!-- \/ Yoast SEO plugin. -->","yoast_head_json":{"title":"Fluid Mechanics - Experimental","description":"This project aim to provide dam engineers with a better understanding of the risk of concrete dam failure in already existing structures.","robots":{"index":"noindex","follow":"follow","max-snippet":"max-snippet:-1","max-image-preview":"max-image-preview:large","max-video-preview":"max-video-preview:-1"},"og_locale":"en_US","og_type":"article","og_title":"Fluid Mechanics - Experimental","og_description":"This project aim to provide dam engineers with a better understanding of the risk of concrete dam failure in already existing structures.","og_url":"https:\/\/svcstaging.energiforsk.se\/en\/research-and-development\/hydraulic-engineering\/rock-mechanics-foundation-engineering\/a-holistic-approach-for-improved-safety-of-concrete-dams\/","og_site_name":"svc-energiforsk","article_modified_time":"2026-02-06T14:57:04+00:00","twitter_card":"summary_large_image","schema":{"@context":"https:\/\/schema.org","@graph":[{"@type":"WebPage","@id":"https:\/\/svcstaging.energiforsk.se\/en\/research-and-development\/hydraulic-engineering\/rock-mechanics-foundation-engineering\/a-holistic-approach-for-improved-safety-of-concrete-dams\/","url":"https:\/\/svcstaging.energiforsk.se\/en\/research-and-development\/hydraulic-engineering\/rock-mechanics-foundation-engineering\/a-holistic-approach-for-improved-safety-of-concrete-dams\/","name":"Fluid Mechanics - Experimental","isPartOf":{"@id":"https:\/\/svcstaging.energiforsk.se\/en\/#website"},"datePublished":"2023-03-15T14:03:27+00:00","dateModified":"2026-02-06T14:57:04+00:00","description":"This project aim to provide dam engineers with a better understanding of the risk of concrete dam failure in already existing structures.","breadcrumb":{"@id":"https:\/\/svcstaging.energiforsk.se\/en\/research-and-development\/hydraulic-engineering\/rock-mechanics-foundation-engineering\/a-holistic-approach-for-improved-safety-of-concrete-dams\/#breadcrumb"},"inLanguage":"en-US","potentialAction":[{"@type":"ReadAction","target":["https:\/\/svcstaging.energiforsk.se\/en\/research-and-development\/hydraulic-engineering\/rock-mechanics-foundation-engineering\/a-holistic-approach-for-improved-safety-of-concrete-dams\/"]}]},{"@type":"BreadcrumbList","@id":"https:\/\/svcstaging.energiforsk.se\/en\/research-and-development\/hydraulic-engineering\/rock-mechanics-foundation-engineering\/a-holistic-approach-for-improved-safety-of-concrete-dams\/#breadcrumb","itemListElement":[{"@type":"ListItem","position":1,"name":"Home","item":"https:\/\/svcstaging.energiforsk.se\/en\/home-page-svc\/"},{"@type":"ListItem","position":2,"name":"Research and Development","item":"https:\/\/svcstaging.energiforsk.se\/en\/research-and-development\/"},{"@type":"ListItem","position":3,"name":"Civil and Hydraulic Engineering","item":"https:\/\/svcstaging.energiforsk.se\/en\/research-and-development\/hydraulic-engineering\/"},{"@type":"ListItem","position":4,"name":"Rock mechanics &#8211; foundation engineering","item":"https:\/\/svcstaging.energiforsk.se\/en\/research-and-development\/hydraulic-engineering\/rock-mechanics-foundation-engineering\/"},{"@type":"ListItem","position":5,"name":"A holistic approach for improved safety of concrete damsEn helhetssyn f\u00f6r \u00f6kad s\u00e4kerhet hos betongdammar"}]},{"@type":"WebSite","@id":"https:\/\/svcstaging.energiforsk.se\/en\/#website","url":"https:\/\/svcstaging.energiforsk.se\/en\/","name":"svc-energiforsk","description":"SVC - Drivs av Energiforsk","potentialAction":[{"@type":"SearchAction","target":{"@type":"EntryPoint","urlTemplate":"https:\/\/svcstaging.energiforsk.se\/en\/?s={search_term_string}"},"query-input":{"@type":"PropertyValueSpecification","valueRequired":true,"valueName":"search_term_string"}}],"inLanguage":"en-US"}]}},"_links":{"self":[{"href":"https:\/\/svcstaging.energiforsk.se\/en\/wp-json\/wp\/v2\/pages\/1724","targetHints":{"allow":["GET"]}}],"collection":[{"href":"https:\/\/svcstaging.energiforsk.se\/en\/wp-json\/wp\/v2\/pages"}],"about":[{"href":"https:\/\/svcstaging.energiforsk.se\/en\/wp-json\/wp\/v2\/types\/page"}],"author":[{"embeddable":true,"href":"https:\/\/svcstaging.energiforsk.se\/en\/wp-json\/wp\/v2\/users\/7"}],"replies":[{"embeddable":true,"href":"https:\/\/svcstaging.energiforsk.se\/en\/wp-json\/wp\/v2\/comments?post=1724"}],"version-history":[{"count":2,"href":"https:\/\/svcstaging.energiforsk.se\/en\/wp-json\/wp\/v2\/pages\/1724\/revisions"}],"predecessor-version":[{"id":2870,"href":"https:\/\/svcstaging.energiforsk.se\/en\/wp-json\/wp\/v2\/pages\/1724\/revisions\/2870"}],"up":[{"embeddable":true,"href":"https:\/\/svcstaging.energiforsk.se\/en\/wp-json\/wp\/v2\/pages\/1654"}],"wp:attachment":[{"href":"https:\/\/svcstaging.energiforsk.se\/en\/wp-json\/wp\/v2\/media?parent=1724"}],"curies":[{"name":"wp","href":"https:\/\/api.w.org\/{rel}","templated":true}]}}