{"id":8,"date":"2024-04-16T14:57:40","date_gmt":"2024-04-16T12:57:40","guid":{"rendered":"https:\/\/svcstaging.energiforsk.se\/cigre\/?page_id=8"},"modified":"2025-07-07T14:32:42","modified_gmt":"2025-07-07T12:32:42","slug":"cigre-session","status":"publish","type":"page","link":"https:\/\/svcstaging.energiforsk.se\/cigre\/cigre-session\/","title":{"rendered":"CIGRE Session"},"content":{"rendered":"<div class=\"block-core-paragraph\">\n<p><\/p>\n<\/div>\n\n<div class=\"block-core-paragraph\">\n<p>Elkraftkonferensen CIGRE Session arrangeras vartannat \u00e5r i Paris. Under konferensen presenterar industrirepresentanter och forskare inom elkraft fr\u00e5n hela v\u00e4rlden sina resultat.<\/p>\n<\/div>\n\n<div class=\"block-core-paragraph\">\n<p>CIGREs fokus \u00e4r p\u00e5 transmissionsn\u00e4t och el\u00f6verf\u00f6ring, d\u00e4r fr\u00e5gor om distributionsn\u00e4t, smarta eln\u00e4t, milj\u00f6aspekter och ekonomiska effekter f\u00e5r allt st\u00f6rre utrymme.<\/p>\n<\/div>\n\n<div class=\"block-core-paragraph\">\n<p>F\u00f6r mer information och anm\u00e4lan, bes\u00f6k <a href=\"https:\/\/session.cigre.org\/\">CIGREs internationella webbplats h\u00e4r.<\/a><\/p>\n<\/div>\n\n<div class=\"block-core-paragraph\">\n<p>L\u00e4s \u00e4ven mer h\u00e4r:<\/p>\n<\/div>\n\n<div class=\"block-core-paragraph\">\n<p><a href=\"https:\/\/cigre.se\/nyheter\/dags-att-ansoka-till-cigre-session-i-paris\/\">Dags att ans\u00f6ka till Cigre Session i Paris<\/a><\/p>\n<\/div>","protected":false},"excerpt":{"rendered":"<p>Elkraftkonferensen CIGRE Session arrangeras vartannat \u00e5r i Paris. Under konferensen presenterar industrirepresentanter och forskare inom elkraft fr\u00e5n hela v\u00e4rlden sina resultat. CIGREs fokus \u00e4r p\u00e5 transmissionsn\u00e4t och el\u00f6verf\u00f6ring, d\u00e4r fr\u00e5gor om distributionsn\u00e4t, smarta eln\u00e4t, milj\u00f6aspekter och ekonomiska effekter f\u00e5r allt st\u00f6rre utrymme. F\u00f6r mer information och anm\u00e4lan, bes\u00f6k CIGREs internationella webbplats h\u00e4r. L\u00e4s \u00e4ven mer &hellip; <a href=\"https:\/\/svcstaging.energiforsk.se\/cigre\/cigre-session\/\">Continued<\/a><\/p>\n","protected":false},"author":2,"featured_media":318,"parent":0,"menu_order":0,"comment_status":"closed","ping_status":"closed","template":"","meta":{"_acf_changed":false,"footnotes":""},"class_list":["post-8","page","type-page","status-publish","has-post-thumbnail","hentry"],"acf":[],"yoast_head":"<!-- This site is optimized with the Yoast SEO plugin v26.9 - https:\/\/yoast.com\/product\/yoast-seo-wordpress\/ -->\n<title>CIGRE Session - Cigre<\/title>\n<meta name=\"robots\" content=\"noindex, follow, max-snippet:-1, max-image-preview:large, max-video-preview:-1\" \/>\n<meta property=\"og:locale\" content=\"sv_SE\" \/>\n<meta property=\"og:type\" content=\"article\" \/>\n<meta property=\"og:title\" content=\"CIGRE Session - Cigre\" \/>\n<meta property=\"og:description\" content=\"Elkraftkonferensen CIGRE Session arrangeras vartannat \u00e5r i Paris. Under konferensen presenterar industrirepresentanter och forskare inom elkraft fr\u00e5n hela v\u00e4rlden sina resultat. CIGREs fokus \u00e4r p\u00e5 transmissionsn\u00e4t och el\u00f6verf\u00f6ring, d\u00e4r fr\u00e5gor om distributionsn\u00e4t, smarta eln\u00e4t, milj\u00f6aspekter och ekonomiska effekter f\u00e5r allt st\u00f6rre utrymme. F\u00f6r mer information och anm\u00e4lan, bes\u00f6k CIGREs internationella webbplats h\u00e4r. L\u00e4s \u00e4ven mer &hellip; Continued\" \/>\n<meta property=\"og:url\" content=\"https:\/\/svcstaging.energiforsk.se\/cigre\/cigre-session\/\" \/>\n<meta property=\"og:site_name\" content=\"Cigre\" \/>\n<meta property=\"article:modified_time\" content=\"2025-07-07T12:32:42+00:00\" \/>\n<meta property=\"og:image\" content=\"https:\/\/svcstaging.energiforsk.se\/app\/uploads\/sites\/2\/2024\/06\/Cigre-28082022-366.jpg\" \/>\n\t<meta property=\"og:image:width\" content=\"1024\" \/>\n\t<meta property=\"og:image:height\" content=\"682\" \/>\n\t<meta property=\"og:image:type\" content=\"image\/jpeg\" \/>\n<meta name=\"twitter:card\" content=\"summary_large_image\" \/>\n<meta name=\"twitter:label1\" content=\"Ber\u00e4knad l\u00e4stid\" \/>\n\t<meta name=\"twitter:data1\" content=\"1 minut\" \/>\n<script type=\"application\/ld+json\" class=\"yoast-schema-graph\">{\"@context\":\"https:\/\/schema.org\",\"@graph\":[{\"@type\":\"WebPage\",\"@id\":\"https:\/\/svcstaging.energiforsk.se\/cigre\/cigre-session\/\",\"url\":\"https:\/\/svcstaging.energiforsk.se\/cigre\/cigre-session\/\",\"name\":\"CIGRE Session - Cigre\",\"isPartOf\":{\"@id\":\"https:\/\/svcstaging.energiforsk.se\/cigre\/#website\"},\"primaryImageOfPage\":{\"@id\":\"https:\/\/svcstaging.energiforsk.se\/cigre\/cigre-session\/#primaryimage\"},\"image\":{\"@id\":\"https:\/\/svcstaging.energiforsk.se\/cigre\/cigre-session\/#primaryimage\"},\"thumbnailUrl\":\"https:\/\/svcstaging.energiforsk.se\/app\/uploads\/sites\/2\/2024\/06\/Cigre-28082022-366.jpg\",\"datePublished\":\"2024-04-16T12:57:40+00:00\",\"dateModified\":\"2025-07-07T12:32:42+00:00\",\"breadcrumb\":{\"@id\":\"https:\/\/svcstaging.energiforsk.se\/cigre\/cigre-session\/#breadcrumb\"},\"inLanguage\":\"sv-SE\",\"potentialAction\":[{\"@type\":\"ReadAction\",\"target\":[\"https:\/\/svcstaging.energiforsk.se\/cigre\/cigre-session\/\"]}]},{\"@type\":\"ImageObject\",\"inLanguage\":\"sv-SE\",\"@id\":\"https:\/\/svcstaging.energiforsk.se\/cigre\/cigre-session\/#primaryimage\",\"url\":\"https:\/\/svcstaging.energiforsk.se\/app\/uploads\/sites\/2\/2024\/06\/Cigre-28082022-366.jpg\",\"contentUrl\":\"https:\/\/svcstaging.energiforsk.se\/app\/uploads\/sites\/2\/2024\/06\/Cigre-28082022-366.jpg\",\"width\":1024,\"height\":682,\"caption\":\"Cigre Session 2022 publikbild\"},{\"@type\":\"BreadcrumbList\",\"@id\":\"https:\/\/svcstaging.energiforsk.se\/cigre\/cigre-session\/#breadcrumb\",\"itemListElement\":[{\"@type\":\"ListItem\",\"position\":1,\"name\":\"Hem\",\"item\":\"https:\/\/svcstaging.energiforsk.se\/cigre\/\"},{\"@type\":\"ListItem\",\"position\":2,\"name\":\"CIGRE Session\"}]},{\"@type\":\"WebSite\",\"@id\":\"https:\/\/svcstaging.energiforsk.se\/cigre\/#website\",\"url\":\"https:\/\/svcstaging.energiforsk.se\/cigre\/\",\"name\":\"Cigre\",\"description\":\"\",\"potentialAction\":[{\"@type\":\"SearchAction\",\"target\":{\"@type\":\"EntryPoint\",\"urlTemplate\":\"https:\/\/svcstaging.energiforsk.se\/cigre\/?s={search_term_string}\"},\"query-input\":{\"@type\":\"PropertyValueSpecification\",\"valueRequired\":true,\"valueName\":\"search_term_string\"}}],\"inLanguage\":\"sv-SE\"}]}<\/script>\n<!-- \/ Yoast SEO plugin. -->","yoast_head_json":{"title":"CIGRE Session - Cigre","robots":{"index":"noindex","follow":"follow","max-snippet":"max-snippet:-1","max-image-preview":"max-image-preview:large","max-video-preview":"max-video-preview:-1"},"og_locale":"sv_SE","og_type":"article","og_title":"CIGRE Session - Cigre","og_description":"Elkraftkonferensen CIGRE Session arrangeras vartannat \u00e5r i Paris. Under konferensen presenterar industrirepresentanter och forskare inom elkraft fr\u00e5n hela v\u00e4rlden sina resultat. CIGREs fokus \u00e4r p\u00e5 transmissionsn\u00e4t och el\u00f6verf\u00f6ring, d\u00e4r fr\u00e5gor om distributionsn\u00e4t, smarta eln\u00e4t, milj\u00f6aspekter och ekonomiska effekter f\u00e5r allt st\u00f6rre utrymme. F\u00f6r mer information och anm\u00e4lan, bes\u00f6k CIGREs internationella webbplats h\u00e4r. L\u00e4s \u00e4ven mer &hellip; Continued","og_url":"https:\/\/svcstaging.energiforsk.se\/cigre\/cigre-session\/","og_site_name":"Cigre","article_modified_time":"2025-07-07T12:32:42+00:00","og_image":[{"width":1024,"height":682,"url":"https:\/\/svcstaging.energiforsk.se\/app\/uploads\/sites\/2\/2024\/06\/Cigre-28082022-366.jpg","type":"image\/jpeg"}],"twitter_card":"summary_large_image","twitter_misc":{"Ber\u00e4knad l\u00e4stid":"1 minut"},"schema":{"@context":"https:\/\/schema.org","@graph":[{"@type":"WebPage","@id":"https:\/\/svcstaging.energiforsk.se\/cigre\/cigre-session\/","url":"https:\/\/svcstaging.energiforsk.se\/cigre\/cigre-session\/","name":"CIGRE Session - Cigre","isPartOf":{"@id":"https:\/\/svcstaging.energiforsk.se\/cigre\/#website"},"primaryImageOfPage":{"@id":"https:\/\/svcstaging.energiforsk.se\/cigre\/cigre-session\/#primaryimage"},"image":{"@id":"https:\/\/svcstaging.energiforsk.se\/cigre\/cigre-session\/#primaryimage"},"thumbnailUrl":"https:\/\/svcstaging.energiforsk.se\/app\/uploads\/sites\/2\/2024\/06\/Cigre-28082022-366.jpg","datePublished":"2024-04-16T12:57:40+00:00","dateModified":"2025-07-07T12:32:42+00:00","breadcrumb":{"@id":"https:\/\/svcstaging.energiforsk.se\/cigre\/cigre-session\/#breadcrumb"},"inLanguage":"sv-SE","potentialAction":[{"@type":"ReadAction","target":["https:\/\/svcstaging.energiforsk.se\/cigre\/cigre-session\/"]}]},{"@type":"ImageObject","inLanguage":"sv-SE","@id":"https:\/\/svcstaging.energiforsk.se\/cigre\/cigre-session\/#primaryimage","url":"https:\/\/svcstaging.energiforsk.se\/app\/uploads\/sites\/2\/2024\/06\/Cigre-28082022-366.jpg","contentUrl":"https:\/\/svcstaging.energiforsk.se\/app\/uploads\/sites\/2\/2024\/06\/Cigre-28082022-366.jpg","width":1024,"height":682,"caption":"Cigre Session 2022 publikbild"},{"@type":"BreadcrumbList","@id":"https:\/\/svcstaging.energiforsk.se\/cigre\/cigre-session\/#breadcrumb","itemListElement":[{"@type":"ListItem","position":1,"name":"Hem","item":"https:\/\/svcstaging.energiforsk.se\/cigre\/"},{"@type":"ListItem","position":2,"name":"CIGRE Session"}]},{"@type":"WebSite","@id":"https:\/\/svcstaging.energiforsk.se\/cigre\/#website","url":"https:\/\/svcstaging.energiforsk.se\/cigre\/","name":"Cigre","description":"","potentialAction":[{"@type":"SearchAction","target":{"@type":"EntryPoint","urlTemplate":"https:\/\/svcstaging.energiforsk.se\/cigre\/?s={search_term_string}"},"query-input":{"@type":"PropertyValueSpecification","valueRequired":true,"valueName":"search_term_string"}}],"inLanguage":"sv-SE"}]}},"_links":{"self":[{"href":"https:\/\/svcstaging.energiforsk.se\/cigre\/wp-json\/wp\/v2\/pages\/8","targetHints":{"allow":["GET"]}}],"collection":[{"href":"https:\/\/svcstaging.energiforsk.se\/cigre\/wp-json\/wp\/v2\/pages"}],"about":[{"href":"https:\/\/svcstaging.energiforsk.se\/cigre\/wp-json\/wp\/v2\/types\/page"}],"author":[{"embeddable":true,"href":"https:\/\/svcstaging.energiforsk.se\/cigre\/wp-json\/wp\/v2\/users\/2"}],"replies":[{"embeddable":true,"href":"https:\/\/svcstaging.energiforsk.se\/cigre\/wp-json\/wp\/v2\/comments?post=8"}],"version-history":[{"count":41,"href":"https:\/\/svcstaging.energiforsk.se\/cigre\/wp-json\/wp\/v2\/pages\/8\/revisions"}],"predecessor-version":[{"id":512,"href":"https:\/\/svcstaging.energiforsk.se\/cigre\/wp-json\/wp\/v2\/pages\/8\/revisions\/512"}],"wp:featuredmedia":[{"embeddable":true,"href":"https:\/\/svcstaging.energiforsk.se\/cigre\/wp-json\/wp\/v2\/media\/318"}],"wp:attachment":[{"href":"https:\/\/svcstaging.energiforsk.se\/cigre\/wp-json\/wp\/v2\/media?parent=8"}],"curies":[{"name":"wp","href":"https:\/\/api.w.org\/{rel}","templated":true}]}}