{"id":3,"date":"2024-04-15T17:22:32","date_gmt":"2024-04-15T15:22:32","guid":{"rendered":"https:\/\/svcstaging.energiforsk.se\/cigre\/?page_id=3"},"modified":"2026-01-14T12:41:09","modified_gmt":"2026-01-14T11:41:09","slug":"startsida","status":"publish","type":"page","link":"https:\/\/svcstaging.energiforsk.se\/cigre\/","title":{"rendered":"Startsida"},"content":{"rendered":"<div class=\"c-blockStartpageHero\">\n    <div class=\"container\">\n        <div class=\"c-blockStartpageHero__textWrapper\">\n                            <div class=\"c-blockStartpageHero__label\" style=\"background-color: #FF135D\">\n                    <span>Aktuellt<\/span>\n                <\/div>\n                                        <h1>\n                    Anm\u00e4lan f\u00f6r Cigre Session \u00f6ppnar 16 februari\n                <\/h1>\n                                        <h3>\n                    Cigre uppmanar bes\u00f6kare, medf\u00f6ljande, utst\u00e4llare och delegater att ta del av registreringsavgifter och villkor i f\u00f6rv\u00e4g f\u00f6r en smidig registrering. Early bird-priser g\u00e4ller till 31 maj. \n                <\/h3>\n                                        <a class=\"c-blockStartpageHero__link theme-btn\" target=\"_blank\" href=\"https:\/\/session.cigre.org\/media-center\/news\/registrations-for-the-paris-session-open-on-16-february.html\">\n                    L\u00e4s mer \n                <\/a>\n                    <\/div>\n    <\/div>\n\n            <div class=\"c-blockStartpageHero__image\">\n            <img loading=\"lazy\" decoding=\"async\" width=\"2500\" height=\"1237\" src=\"https:\/\/svcstaging.energiforsk.se\/app\/uploads\/sites\/2\/2024\/04\/Group-1.jpg\" class=\"attachment-full size-full\" alt=\"\" srcset=\"https:\/\/svcstaging.energiforsk.se\/app\/uploads\/sites\/2\/2024\/04\/Group-1.jpg 2500w, https:\/\/svcstaging.energiforsk.se\/app\/uploads\/sites\/2\/2024\/04\/Group-1-300x148.jpg 300w, https:\/\/svcstaging.energiforsk.se\/app\/uploads\/sites\/2\/2024\/04\/Group-1-1024x507.jpg 1024w, https:\/\/svcstaging.energiforsk.se\/app\/uploads\/sites\/2\/2024\/04\/Group-1-768x380.jpg 768w, https:\/\/svcstaging.energiforsk.se\/app\/uploads\/sites\/2\/2024\/04\/Group-1-1536x760.jpg 1536w, https:\/\/svcstaging.energiforsk.se\/app\/uploads\/sites\/2\/2024\/04\/Group-1-2048x1013.jpg 2048w\" sizes=\"auto, (max-width: 2500px) 100vw, 2500px\" \/>\n        <\/div>\n    \n    <\/div>\n\n\n<div class=\"c-three-columns container\">\n        <div class=\"row\">\n                            <div class=\"c-three-columns__column col-12 col-lg-4\">\n                                            <div class=\"c-contact-card\">\n            <div class=\"contact-info\">\n                            <h3>Kontakt<\/h3>\n                                        <h4>Susanne Stjernfeldt<\/h4>\n                                        <a href=\"tel:08-677 27 51\">08-677 27 51<\/a>\n                                        <a href=\"mailto:susanne.stjernfeldt@energiforsk.se\">Mejla<\/a>\n                    <\/div>\n                    <div class=\"contact-image-wrapper\">\n                <img decoding=\"async\" src=\"https:\/\/svcstaging.energiforsk.se\/app\/uploads\/sites\/2\/2025\/09\/Susanne-2024-liten-1-775x1024.jpg\"\n                    alt=\"\">\n            <\/div>\n            <\/div>\n                    <\/div>\n                <div class=\"c-three-columns__column col-12 col-lg-4\">\n                                                                        <a href=\"https:\/\/cigre.se\/nyhetsbrev\/\" class=\"c-three-columns__link\"\n                                style=\"background-color: #FF135D\">\n                                                    <div class=\"c-three-columns__text-wrapper\">\n                            <h3 class=\"c-three-columns__title\">Prenumerera p\u00e5 nyheter!<\/h3>\n                            <p class=\"c-three-columns__text\">Prenumerera p\u00e5 nyhetsbrev fr\u00e5n CIGRE och f\u00e5 resultat och inbjudan till konferenser inom forskningsomr\u00e5det genom att registrera dig h\u00e4r.<\/p>\n                        <\/div>\n                                                    <\/a>\n                        <\/div>\n                <div class=\"c-three-columns__column col-12 col-lg-4\">\n                                                                        <a href=\"https:\/\/cigre.se\/bli-medlem\/\" class=\"c-three-columns__link\"\n                                style=\"background-color: #593B6E\">\n                                                    <div class=\"c-three-columns__text-wrapper\">\n                            <h3 class=\"c-three-columns__title\">Bli medlem!<\/h3>\n                            <p class=\"c-three-columns__text\"> F\u00e5 m\u00f6jlighet att delta i arbetsgrupper och studie-kommitt\u00e9er, ta del av de senaste nyheterna inom elkraft och mycket mer.<\/p>\n                        <\/div>\n                                                    <\/a>\n                        <\/div>\n<\/div>\n<\/div>\n\n\n<div class=\"c-newsBlock\">\n    <div class=\"container\">\n        <div class=\"row h100\">\n            <div class=\"c-newsBlock__header\">\n                <h2>\n                    Senaste nytt fr\u00e5n CIGRE\n                <\/h2>\n                <a href=\"https:\/\/svcstaging.energiforsk.se\/cigre\/nyheter\/\" class=\"c-newsBlock__header__link desktop\">\n                    L\u00e4s alla nyheter<\/a>\n            <\/div>\n        <\/div>\n        <div class=\"row\">\n            <div class=\"splide aktuellt-slider\">\n                <div class=\" splide__track\">\n                    <ul class=\"splide__list slider_item_holder\">\n                                                                                <li class=\"splide__slide\">\n                                <div class=\"c-news c-list-item c-news-list-item col-md-12\">\n    <a class=\"c-news__link\" href=\"https:\/\/svcstaging.energiforsk.se\/cigre\/nyheter\/sa-bygger-man-en-internationell-karriar-inom-elkraft-ett-webbinarium-med-rannveig-loken\/\">\n        <div class=\"news-image-wrapper\">\n                    <\/div>\n        <div class=\"c-news-list-item__text-wrapper\">\n            <div class=\"c-news__news-info--date\">\n                <span class=\"month sub-label\">2026-02-28<\/span>\n            <\/div>\n            <h4>S\u00e5 bygger man en internationell karri\u00e4r inom elkraft: Ett webbinarium med Rannveig L\u00f8ken<\/h4>\n            <p class=\"excerpt\">Hur bygger man en karri\u00e4r som leder till internationellt inflytande och ledarskap inom elkraftsbranschen? I detta webbinarium m\u00f6ter vi&nbsp;Rannveig S&#8230;.<\/p>\n        <\/div>\n    <\/a>\n<\/div>\n                            <\/li>\n\n                                                                                                            <li class=\"splide__slide\">\n                                <div class=\"c-news c-list-item c-news-list-item col-md-12\">\n    <a class=\"c-news__link\" href=\"https:\/\/svcstaging.energiforsk.se\/cigre\/nyheter\/studiebesok-i-alvkarleby-en-av-sveriges-mest-unika-forskningsmiljoer-inom-energi\/\">\n        <div class=\"news-image-wrapper\">\n            <img loading=\"lazy\" decoding=\"async\" width=\"1490\" height=\"838\" src=\"https:\/\/svcstaging.energiforsk.se\/app\/uploads\/sites\/2\/2026\/01\/Alvkarleby.png\" class=\"news-list-image\" alt=\"\" srcset=\"https:\/\/svcstaging.energiforsk.se\/app\/uploads\/sites\/2\/2026\/01\/Alvkarleby.png 1490w, https:\/\/svcstaging.energiforsk.se\/app\/uploads\/sites\/2\/2026\/01\/Alvkarleby-300x169.png 300w, https:\/\/svcstaging.energiforsk.se\/app\/uploads\/sites\/2\/2026\/01\/Alvkarleby-1024x576.png 1024w, https:\/\/svcstaging.energiforsk.se\/app\/uploads\/sites\/2\/2026\/01\/Alvkarleby-768x432.png 768w\" sizes=\"auto, (max-width: 1490px) 100vw, 1490px\" \/>        <\/div>\n        <div class=\"c-news-list-item__text-wrapper\">\n            <div class=\"c-news__news-info--date\">\n                <span class=\"month sub-label\">2026-01-23<\/span>\n            <\/div>\n            <h4>Bes\u00f6k \u00c4lvkarlebys laboratorium: \u201dEn av Sveriges mest unika forskningsmilj\u00f6er inom energi\u201d<\/h4>\n            <p class=\"excerpt\">V\u00e4lkommen p\u00e5 studiebes\u00f6k i \u00c4lvkarleby! Vattenfall R&amp;D bjuder in medlemmar i CIGRE Women in Energy, WiE, och Kraftkvinnorna p\u00e5 ett&#8230;<\/p>\n        <\/div>\n    <\/a>\n<\/div>\n                            <\/li>\n\n                                                                                                            <li class=\"splide__slide\">\n                                <div class=\"c-news c-list-item c-news-list-item col-md-12\">\n    <a class=\"c-news__link\" href=\"https:\/\/svcstaging.energiforsk.se\/cigre\/nyheter\/webbinarium-dodnatsstart-och-mikronat-i-praktiken-hur-karnkraft-och-fornybar-energi-kan-samexistera\/\">\n        <div class=\"news-image-wrapper\">\n            <img loading=\"lazy\" decoding=\"async\" width=\"1000\" height=\"600\" src=\"https:\/\/svcstaging.energiforsk.se\/app\/uploads\/sites\/2\/2026\/01\/Namnlos.png\" class=\"news-list-image\" alt=\"\" srcset=\"https:\/\/svcstaging.energiforsk.se\/app\/uploads\/sites\/2\/2026\/01\/Namnlos.png 1000w, https:\/\/svcstaging.energiforsk.se\/app\/uploads\/sites\/2\/2026\/01\/Namnlos-300x180.png 300w, https:\/\/svcstaging.energiforsk.se\/app\/uploads\/sites\/2\/2026\/01\/Namnlos-768x461.png 768w\" sizes=\"auto, (max-width: 1000px) 100vw, 1000px\" \/>        <\/div>\n        <div class=\"c-news-list-item__text-wrapper\">\n            <div class=\"c-news__news-info--date\">\n                <span class=\"month sub-label\">2026-01-15<\/span>\n            <\/div>\n            <h4>Webbinarium: D\u00f6dn\u00e4tsstart och mikron\u00e4t i praktiken | Hur k\u00e4rnkraft och f\u00f6rnybar energi kan samexistera<\/h4>\n            <p class=\"excerpt\">V\u00e4lkommen till ett webbinarium som arrangeras inom ramen f\u00f6r CIGRE Sveriges n\u00e4tverk Women in Energy. I webbinariet kommer tv\u00e5 aktuella&#8230;<\/p>\n        <\/div>\n    <\/a>\n<\/div>\n                            <\/li>\n\n                                                                                                            <li class=\"splide__slide\">\n                                <div class=\"c-news c-list-item c-news-list-item col-md-12\">\n    <a class=\"c-news__link\" href=\"https:\/\/svcstaging.energiforsk.se\/cigre\/nyheter\/vill-du-vara-med-och-paverka-framtidens-elnat\/\">\n        <div class=\"news-image-wrapper\">\n            <img loading=\"lazy\" decoding=\"async\" width=\"2000\" height=\"1500\" src=\"https:\/\/svcstaging.energiforsk.se\/app\/uploads\/sites\/2\/2025\/09\/D2-mote.jpg\" class=\"news-list-image\" alt=\"\" srcset=\"https:\/\/svcstaging.energiforsk.se\/app\/uploads\/sites\/2\/2025\/09\/D2-mote.jpg 2000w, https:\/\/svcstaging.energiforsk.se\/app\/uploads\/sites\/2\/2025\/09\/D2-mote-300x225.jpg 300w, https:\/\/svcstaging.energiforsk.se\/app\/uploads\/sites\/2\/2025\/09\/D2-mote-1024x768.jpg 1024w, https:\/\/svcstaging.energiforsk.se\/app\/uploads\/sites\/2\/2025\/09\/D2-mote-768x576.jpg 768w, https:\/\/svcstaging.energiforsk.se\/app\/uploads\/sites\/2\/2025\/09\/D2-mote-1536x1152.jpg 1536w\" sizes=\"auto, (max-width: 2000px) 100vw, 2000px\" \/>        <\/div>\n        <div class=\"c-news-list-item__text-wrapper\">\n            <div class=\"c-news__news-info--date\">\n                <span class=\"month sub-label\">2025-09-30<\/span>\n            <\/div>\n            <h4>Vill du vara med och p\u00e5verka framtidens eln\u00e4t?<\/h4>\n            <p class=\"excerpt\">Studiekommitt\u00e9 Cigre D2 arbetar internationellt med informationssystem och telekommunikation \u2013 d\u00e4r nya standarder, riktlinjer och tekniska broschyrer formar branschens v\u00e4g&#8230;<\/p>\n        <\/div>\n    <\/a>\n<\/div>\n                            <\/li>\n\n                            \n                                            <\/ul>\n                <\/div>\n            <\/div>\n            <div class=\"c-newsBlock__header mobile\">\n                <a href=\"https:\/\/svcstaging.energiforsk.se\/cigre\/nyheter\/\" class=\"c-newsBlock__header__link\">\n                    L\u00e4s alla nyheter<\/a>\n            <\/div>\n        <\/div>\n    <\/div>\n<\/div>\n\n\n<div class=\"block-acf-video-with-placeholder container\"><div class=\"row justify-content-md-center\"><div class=\"col-12 col-md-10\"><div class=\"c-blockVideo\">\n    <div class=\"video-area\">\n                    <div class=\"overlay\" style=\"background-image: url(https:\/\/svcstaging.energiforsk.se\/app\/uploads\/sites\/2\/2024\/05\/Bitmap-8.jpg)\">\n                <div class=\"video-content\">\n                    <h3>Se filmen om CIGRE<\/h3>\n                    <button class=\"play-btn \"><img decoding=\"async\" src=\"https:\/\/svcstaging.energiforsk.se\/app\/themes\/cigre\/dist\/images\/icon_play.svg?id=3b56446eadfb751ffb92a6e6cc3695e1\" alt=\"Play icon\"><\/button>\n                <\/div>\n            <\/div>\n        \n        <div class=\"embed-container\">\n            <iframe loading=\"lazy\" title=\"CIGRE and the Energy Transition\" width=\"640\" height=\"360\" src=\"https:\/\/www.youtube.com\/embed\/7ozLb4R8JPA?feature=oembed\" frameborder=\"0\" allow=\"accelerometer; autoplay; clipboard-write; encrypted-media; gyroscope; picture-in-picture; web-share\" referrerpolicy=\"strict-origin-when-cross-origin\" allowfullscreen><\/iframe>\n        <\/div>\n    <\/div>\n<\/div>\n<\/div><\/div><\/div>","protected":false},"excerpt":{"rendered":"","protected":false},"author":2,"featured_media":0,"parent":0,"menu_order":0,"comment_status":"closed","ping_status":"closed","template":"template-startpage.blade.php","meta":{"_acf_changed":false,"footnotes":""},"class_list":["post-3","page","type-page","status-publish","hentry"],"acf":[],"yoast_head":"<!-- This site is optimized with the Yoast SEO plugin v26.9 - https:\/\/yoast.com\/product\/yoast-seo-wordpress\/ -->\n<title>Startsida - Cigre<\/title>\n<meta name=\"robots\" content=\"noindex, follow, max-snippet:-1, max-image-preview:large, max-video-preview:-1\" \/>\n<meta property=\"og:locale\" content=\"sv_SE\" \/>\n<meta property=\"og:type\" content=\"article\" \/>\n<meta property=\"og:title\" content=\"Startsida - Cigre\" \/>\n<meta property=\"og:url\" content=\"https:\/\/svcstaging.energiforsk.se\/cigre\/\" \/>\n<meta property=\"og:site_name\" content=\"Cigre\" \/>\n<meta property=\"article:modified_time\" content=\"2026-01-14T11:41:09+00:00\" \/>\n<meta name=\"twitter:card\" content=\"summary_large_image\" \/>\n<script type=\"application\/ld+json\" class=\"yoast-schema-graph\">{\"@context\":\"https:\/\/schema.org\",\"@graph\":[{\"@type\":\"WebPage\",\"@id\":\"https:\/\/svcstaging.energiforsk.se\/cigre\/\",\"url\":\"https:\/\/svcstaging.energiforsk.se\/cigre\/\",\"name\":\"Startsida - Cigre\",\"isPartOf\":{\"@id\":\"https:\/\/svcstaging.energiforsk.se\/cigre\/#website\"},\"datePublished\":\"2024-04-15T15:22:32+00:00\",\"dateModified\":\"2026-01-14T11:41:09+00:00\",\"breadcrumb\":{\"@id\":\"https:\/\/svcstaging.energiforsk.se\/cigre\/#breadcrumb\"},\"inLanguage\":\"sv-SE\",\"potentialAction\":[{\"@type\":\"ReadAction\",\"target\":[\"https:\/\/svcstaging.energiforsk.se\/cigre\/\"]}]},{\"@type\":\"BreadcrumbList\",\"@id\":\"https:\/\/svcstaging.energiforsk.se\/cigre\/#breadcrumb\",\"itemListElement\":[{\"@type\":\"ListItem\",\"position\":1,\"name\":\"Hem\",\"item\":\"https:\/\/svcstaging.energiforsk.se\/cigre\/\"},{\"@type\":\"ListItem\",\"position\":2,\"name\":\"Startsida\"}]},{\"@type\":\"WebSite\",\"@id\":\"https:\/\/svcstaging.energiforsk.se\/cigre\/#website\",\"url\":\"https:\/\/svcstaging.energiforsk.se\/cigre\/\",\"name\":\"Cigre\",\"description\":\"\",\"potentialAction\":[{\"@type\":\"SearchAction\",\"target\":{\"@type\":\"EntryPoint\",\"urlTemplate\":\"https:\/\/svcstaging.energiforsk.se\/cigre\/?s={search_term_string}\"},\"query-input\":{\"@type\":\"PropertyValueSpecification\",\"valueRequired\":true,\"valueName\":\"search_term_string\"}}],\"inLanguage\":\"sv-SE\"}]}<\/script>\n<!-- \/ Yoast SEO plugin. -->","yoast_head_json":{"title":"Startsida - Cigre","robots":{"index":"noindex","follow":"follow","max-snippet":"max-snippet:-1","max-image-preview":"max-image-preview:large","max-video-preview":"max-video-preview:-1"},"og_locale":"sv_SE","og_type":"article","og_title":"Startsida - Cigre","og_url":"https:\/\/svcstaging.energiforsk.se\/cigre\/","og_site_name":"Cigre","article_modified_time":"2026-01-14T11:41:09+00:00","twitter_card":"summary_large_image","schema":{"@context":"https:\/\/schema.org","@graph":[{"@type":"WebPage","@id":"https:\/\/svcstaging.energiforsk.se\/cigre\/","url":"https:\/\/svcstaging.energiforsk.se\/cigre\/","name":"Startsida - Cigre","isPartOf":{"@id":"https:\/\/svcstaging.energiforsk.se\/cigre\/#website"},"datePublished":"2024-04-15T15:22:32+00:00","dateModified":"2026-01-14T11:41:09+00:00","breadcrumb":{"@id":"https:\/\/svcstaging.energiforsk.se\/cigre\/#breadcrumb"},"inLanguage":"sv-SE","potentialAction":[{"@type":"ReadAction","target":["https:\/\/svcstaging.energiforsk.se\/cigre\/"]}]},{"@type":"BreadcrumbList","@id":"https:\/\/svcstaging.energiforsk.se\/cigre\/#breadcrumb","itemListElement":[{"@type":"ListItem","position":1,"name":"Hem","item":"https:\/\/svcstaging.energiforsk.se\/cigre\/"},{"@type":"ListItem","position":2,"name":"Startsida"}]},{"@type":"WebSite","@id":"https:\/\/svcstaging.energiforsk.se\/cigre\/#website","url":"https:\/\/svcstaging.energiforsk.se\/cigre\/","name":"Cigre","description":"","potentialAction":[{"@type":"SearchAction","target":{"@type":"EntryPoint","urlTemplate":"https:\/\/svcstaging.energiforsk.se\/cigre\/?s={search_term_string}"},"query-input":{"@type":"PropertyValueSpecification","valueRequired":true,"valueName":"search_term_string"}}],"inLanguage":"sv-SE"}]}},"_links":{"self":[{"href":"https:\/\/svcstaging.energiforsk.se\/cigre\/wp-json\/wp\/v2\/pages\/3","targetHints":{"allow":["GET"]}}],"collection":[{"href":"https:\/\/svcstaging.energiforsk.se\/cigre\/wp-json\/wp\/v2\/pages"}],"about":[{"href":"https:\/\/svcstaging.energiforsk.se\/cigre\/wp-json\/wp\/v2\/types\/page"}],"author":[{"embeddable":true,"href":"https:\/\/svcstaging.energiforsk.se\/cigre\/wp-json\/wp\/v2\/users\/2"}],"replies":[{"embeddable":true,"href":"https:\/\/svcstaging.energiforsk.se\/cigre\/wp-json\/wp\/v2\/comments?post=3"}],"version-history":[{"count":76,"href":"https:\/\/svcstaging.energiforsk.se\/cigre\/wp-json\/wp\/v2\/pages\/3\/revisions"}],"predecessor-version":[{"id":576,"href":"https:\/\/svcstaging.energiforsk.se\/cigre\/wp-json\/wp\/v2\/pages\/3\/revisions\/576"}],"wp:attachment":[{"href":"https:\/\/svcstaging.energiforsk.se\/cigre\/wp-json\/wp\/v2\/media?parent=3"}],"curies":[{"name":"wp","href":"https:\/\/api.w.org\/{rel}","templated":true}]}}