{"id":20,"date":"2024-04-16T14:59:53","date_gmt":"2024-04-16T12:59:53","guid":{"rendered":"https:\/\/svcstaging.energiforsk.se\/cigre\/?page_id=20"},"modified":"2025-10-21T08:22:15","modified_gmt":"2025-10-21T06:22:15","slug":"om-oss","status":"publish","type":"page","link":"https:\/\/svcstaging.energiforsk.se\/cigre\/om-oss\/","title":{"rendered":"Om oss"},"content":{"rendered":"<div class=\"block-core-paragraph\">\n<p>CIGREs generalsekretariat finns i Paris och den svenska verksamheten leds av den Svenska Nationalkommitt\u00e9n och samordnas av Energiforsk.<\/p>\n<\/div>\n\n<div class=\"block-core-paragraph\">\n<p>V\u00e5rt arbete med CIGRE innefattar medlemshantering, ekonomi och redovisning, att administrera och genomf\u00f6ra m\u00f6ten och symposier, men ocks\u00e5 att f\u00f6rbereda de svenska forskare som presenterar sina tekniska rapporter vid kongressen i Paris. Den svenska nationalkommitt\u00e9n har \u00e4ven som uppgift att informera medlemmar och andra intressenter i Sverige om arbetsgruppernas arbete och vad som h\u00e4nder i organisationen som helhet.<\/p>\n<\/div>\n\n<div class=\"block-core-paragraph\">\n<p>Alla medlemmar f\u00e5r tidskriften Electra varannan m\u00e5nad och tillg\u00e5ng till en databas med artiklar om generering och \u00f6verf\u00f6ring av h\u00f6gsp\u00e4nd elektrisk energi publicerade sedan 1972. I medlemskapet ing\u00e5r ocks\u00e5 information om kommande seminarier och m\u00f6jlighet att delta i CIGREs stora konferens som h\u00e5lls i Paris vartannat \u00e5r.<\/p>\n<\/div>\n\n<div class=\"block-core-paragraph\">\n<p>Vill du skicka in en artikel till Electra? Anm\u00e4l intresse <a href=\"https:\/\/electra.cigre.org\/\">h\u00e4r<\/a>. <\/p>\n<\/div>\n\n<div class=\"c-contact-card\">\n            <div class=\"contact-info\">\n                            <h3>Kontakt<\/h3>\n                                        <h4>Susanne Stjernfeldt<\/h4>\n                                        <a href=\"tel:08-677 27 51\">08-677 27 51<\/a>\n                                        <a href=\"mailto:susanne.stjernfeldt@energiforsk.se\">Mejla<\/a>\n                    <\/div>\n                    <div class=\"contact-image-wrapper\">\n                <img decoding=\"async\" src=\"https:\/\/svcstaging.energiforsk.se\/app\/uploads\/sites\/2\/2025\/09\/Susanne-2024-liten-1-775x1024.jpg\"\n                    alt=\"\">\n            <\/div>\n            <\/div>\n","protected":false},"excerpt":{"rendered":"<p>CIGRE, International Council on Large Electric Systems, har en verksamhet som \u00e4r inriktad p\u00e5 forskning och utveckling kring h\u00f6gsp\u00e4nd elektrisk energi, inom produktion, \u00f6verf\u00f6ring och distribution. Organisationen verkar f\u00f6r internationell utveckling och informationsutbyte. <\/p>\n","protected":false},"author":2,"featured_media":0,"parent":0,"menu_order":0,"comment_status":"closed","ping_status":"closed","template":"template-sidebar.blade.php","meta":{"_acf_changed":false,"footnotes":""},"class_list":["post-20","page","type-page","status-publish","hentry"],"acf":[],"yoast_head":"<!-- This site is optimized with the Yoast SEO plugin v26.9 - https:\/\/yoast.com\/product\/yoast-seo-wordpress\/ -->\n<title>Om oss - Cigre<\/title>\n<meta name=\"robots\" content=\"noindex, follow, max-snippet:-1, max-image-preview:large, max-video-preview:-1\" \/>\n<meta property=\"og:locale\" content=\"sv_SE\" \/>\n<meta property=\"og:type\" content=\"article\" \/>\n<meta property=\"og:title\" content=\"Om oss - Cigre\" \/>\n<meta property=\"og:description\" content=\"CIGRE, International Council on Large Electric Systems, har en verksamhet som \u00e4r inriktad p\u00e5 forskning och utveckling kring h\u00f6gsp\u00e4nd elektrisk energi, inom produktion, \u00f6verf\u00f6ring och distribution. Organisationen verkar f\u00f6r internationell utveckling och informationsutbyte.\" \/>\n<meta property=\"og:url\" content=\"https:\/\/svcstaging.energiforsk.se\/cigre\/om-oss\/\" \/>\n<meta property=\"og:site_name\" content=\"Cigre\" \/>\n<meta property=\"article:modified_time\" content=\"2025-10-21T06:22:15+00:00\" \/>\n<meta name=\"twitter:card\" content=\"summary_large_image\" \/>\n<meta name=\"twitter:label1\" content=\"Ber\u00e4knad l\u00e4stid\" \/>\n\t<meta name=\"twitter:data1\" content=\"1 minut\" \/>\n<script type=\"application\/ld+json\" class=\"yoast-schema-graph\">{\"@context\":\"https:\/\/schema.org\",\"@graph\":[{\"@type\":\"WebPage\",\"@id\":\"https:\/\/svcstaging.energiforsk.se\/cigre\/om-oss\/\",\"url\":\"https:\/\/svcstaging.energiforsk.se\/cigre\/om-oss\/\",\"name\":\"Om oss - Cigre\",\"isPartOf\":{\"@id\":\"https:\/\/svcstaging.energiforsk.se\/cigre\/#website\"},\"datePublished\":\"2024-04-16T12:59:53+00:00\",\"dateModified\":\"2025-10-21T06:22:15+00:00\",\"breadcrumb\":{\"@id\":\"https:\/\/svcstaging.energiforsk.se\/cigre\/om-oss\/#breadcrumb\"},\"inLanguage\":\"sv-SE\",\"potentialAction\":[{\"@type\":\"ReadAction\",\"target\":[\"https:\/\/svcstaging.energiforsk.se\/cigre\/om-oss\/\"]}]},{\"@type\":\"BreadcrumbList\",\"@id\":\"https:\/\/svcstaging.energiforsk.se\/cigre\/om-oss\/#breadcrumb\",\"itemListElement\":[{\"@type\":\"ListItem\",\"position\":1,\"name\":\"Hem\",\"item\":\"https:\/\/svcstaging.energiforsk.se\/cigre\/\"},{\"@type\":\"ListItem\",\"position\":2,\"name\":\"Om oss\"}]},{\"@type\":\"WebSite\",\"@id\":\"https:\/\/svcstaging.energiforsk.se\/cigre\/#website\",\"url\":\"https:\/\/svcstaging.energiforsk.se\/cigre\/\",\"name\":\"Cigre\",\"description\":\"\",\"potentialAction\":[{\"@type\":\"SearchAction\",\"target\":{\"@type\":\"EntryPoint\",\"urlTemplate\":\"https:\/\/svcstaging.energiforsk.se\/cigre\/?s={search_term_string}\"},\"query-input\":{\"@type\":\"PropertyValueSpecification\",\"valueRequired\":true,\"valueName\":\"search_term_string\"}}],\"inLanguage\":\"sv-SE\"}]}<\/script>\n<!-- \/ Yoast SEO plugin. -->","yoast_head_json":{"title":"Om oss - Cigre","robots":{"index":"noindex","follow":"follow","max-snippet":"max-snippet:-1","max-image-preview":"max-image-preview:large","max-video-preview":"max-video-preview:-1"},"og_locale":"sv_SE","og_type":"article","og_title":"Om oss - Cigre","og_description":"CIGRE, International Council on Large Electric Systems, har en verksamhet som \u00e4r inriktad p\u00e5 forskning och utveckling kring h\u00f6gsp\u00e4nd elektrisk energi, inom produktion, \u00f6verf\u00f6ring och distribution. Organisationen verkar f\u00f6r internationell utveckling och informationsutbyte.","og_url":"https:\/\/svcstaging.energiforsk.se\/cigre\/om-oss\/","og_site_name":"Cigre","article_modified_time":"2025-10-21T06:22:15+00:00","twitter_card":"summary_large_image","twitter_misc":{"Ber\u00e4knad l\u00e4stid":"1 minut"},"schema":{"@context":"https:\/\/schema.org","@graph":[{"@type":"WebPage","@id":"https:\/\/svcstaging.energiforsk.se\/cigre\/om-oss\/","url":"https:\/\/svcstaging.energiforsk.se\/cigre\/om-oss\/","name":"Om oss - Cigre","isPartOf":{"@id":"https:\/\/svcstaging.energiforsk.se\/cigre\/#website"},"datePublished":"2024-04-16T12:59:53+00:00","dateModified":"2025-10-21T06:22:15+00:00","breadcrumb":{"@id":"https:\/\/svcstaging.energiforsk.se\/cigre\/om-oss\/#breadcrumb"},"inLanguage":"sv-SE","potentialAction":[{"@type":"ReadAction","target":["https:\/\/svcstaging.energiforsk.se\/cigre\/om-oss\/"]}]},{"@type":"BreadcrumbList","@id":"https:\/\/svcstaging.energiforsk.se\/cigre\/om-oss\/#breadcrumb","itemListElement":[{"@type":"ListItem","position":1,"name":"Hem","item":"https:\/\/svcstaging.energiforsk.se\/cigre\/"},{"@type":"ListItem","position":2,"name":"Om oss"}]},{"@type":"WebSite","@id":"https:\/\/svcstaging.energiforsk.se\/cigre\/#website","url":"https:\/\/svcstaging.energiforsk.se\/cigre\/","name":"Cigre","description":"","potentialAction":[{"@type":"SearchAction","target":{"@type":"EntryPoint","urlTemplate":"https:\/\/svcstaging.energiforsk.se\/cigre\/?s={search_term_string}"},"query-input":{"@type":"PropertyValueSpecification","valueRequired":true,"valueName":"search_term_string"}}],"inLanguage":"sv-SE"}]}},"_links":{"self":[{"href":"https:\/\/svcstaging.energiforsk.se\/cigre\/wp-json\/wp\/v2\/pages\/20","targetHints":{"allow":["GET"]}}],"collection":[{"href":"https:\/\/svcstaging.energiforsk.se\/cigre\/wp-json\/wp\/v2\/pages"}],"about":[{"href":"https:\/\/svcstaging.energiforsk.se\/cigre\/wp-json\/wp\/v2\/types\/page"}],"author":[{"embeddable":true,"href":"https:\/\/svcstaging.energiforsk.se\/cigre\/wp-json\/wp\/v2\/users\/2"}],"replies":[{"embeddable":true,"href":"https:\/\/svcstaging.energiforsk.se\/cigre\/wp-json\/wp\/v2\/comments?post=20"}],"version-history":[{"count":18,"href":"https:\/\/svcstaging.energiforsk.se\/cigre\/wp-json\/wp\/v2\/pages\/20\/revisions"}],"predecessor-version":[{"id":551,"href":"https:\/\/svcstaging.energiforsk.se\/cigre\/wp-json\/wp\/v2\/pages\/20\/revisions\/551"}],"wp:attachment":[{"href":"https:\/\/svcstaging.energiforsk.se\/cigre\/wp-json\/wp\/v2\/media?parent=20"}],"curies":[{"name":"wp","href":"https:\/\/api.w.org\/{rel}","templated":true}]}}