{"id":18,"date":"2024-04-16T14:59:42","date_gmt":"2024-04-16T12:59:42","guid":{"rendered":"https:\/\/svcstaging.energiforsk.se\/cigre\/?page_id=18"},"modified":"2025-03-25T09:45:55","modified_gmt":"2025-03-25T08:45:55","slug":"studiekommiteer","status":"publish","type":"page","link":"https:\/\/svcstaging.energiforsk.se\/cigre\/studiekommiteer\/","title":{"rendered":"Studiekommitt\u00e9er"},"content":{"rendered":"<div class=\"block-core-paragraph\">\n<p>Det finns 16 studiekommitt\u00e9er. Varje studiekommitt\u00e9 uppr\u00e4ttar, bevakar och f\u00f6rdjupar det aktuella delomr\u00e5det enligt en aktivitetsplan. Kommunikationen sker genom symposier, regionala konferenser, publikationer, tidningen Electra och tekniska broschyrer. Vi tar ocks\u00e5 fram popul\u00e4rvetenskapliga publikationer, tidskriften Electra och tekniska broschyrer.<\/p>\n<\/div>\n\n<div class=\"block-core-paragraph\">\n<p>En studiekommitt\u00e9 best\u00e5r av en ordf\u00f6rande, upp till 24 medlemmar (tolv ordinarie medlemmar och tolv observat\u00f6rer), varav h\u00f6gst en per land, samt en sekreterare. Dessutom kan ett antal experter utses som observat\u00f6rer och delta i arbetet och under m\u00f6ten. Medlemmarna utses av fullm\u00e4ktige f\u00f6r perioder om sex \u00e5r. Sverige har en ledamot i varje kommitt\u00e9, se listan nedan.<\/p>\n<\/div>\n\n<div class=\"block-core-paragraph\">\n<p>F\u00f6r att bevaka och f\u00f6rdjupa ett aktuellt delomr\u00e5den kan ocks\u00e5 arbetsgrupper bildas&nbsp;som h\u00f6r till respektive studiekommitt\u00e9. Varje studiekommitt\u00e9ansvarig ser till att utse svenska ledam\u00f6ter f\u00f6r intressanta arbetsgrupper inom sitt ansvarsomr\u00e5de. Uppdragsbeskrivning och namn p\u00e5 sammankallande (convenor) f\u00f6r dessa arbetsgrupper hittas p\u00e5 <a href=\"https:\/\/www.cigre.org\/article\/GB\/news\/the_latest_news\/cigre-active-working-groups--call-for-experts\" target=\"_blank\" rel=\"noreferrer noopener\">CIGREs webbplats<\/a>. Studiekommitt\u00e9ansvarig f\u00f6resl\u00e5r svenska deltagare till sammankallande&nbsp;f\u00f6r respektive arbetsgrupp.<\/p>\n<\/div>\n\n<div class=\"block-core-paragraph\">\n<p>F\u00f6r arbetsbeskrivning, se <a href=\"https:\/\/cigre.se\/app\/uploads\/sites\/2\/2025\/03\/Arbetsbeskrivning-SC-ledamot_revision2025-2.docx\">SC-arbetsbeskrivning<\/a>.<\/p>\n<\/div>\n\n<div class=\"c-blockFacts\" style=\"background-color: #593B6E\">\n    <div class=\"c-blockFacts__facts\">\n        <h3 class=\"underlined-header\">Studiekommitt\u00e9er och svenska ledam\u00f6ter 2024-2026<\/h3>\n<div class=\"aside \">\n<div class=\"aside-text\">\n<h4>EQUIPMENT<\/h4>\n<p>Rotating Machines A1, <a href=\"mailto:fredrik.sahlen@se.abb.com\">Fredrik\u00a0Sahl\u00e9n<\/a>, ABB<\/p>\n<p>Power transformers and reactors A2, <a href=\"mailto:kent.olsson@hitachienergy.com\">Kent Olsson, <\/a>Hitachi Energy Sweden<\/p>\n<p>Transmission and distribution\u00a0equipment A3, <a href=\"mailto:milan.radosavljevic@vattenfall.com\">Milan Radosavljevic<\/a>, Vattenfall Eldistribution<\/p>\n<h4>TECHNOLOGIES<\/h4>\n<p>Insulated Cables B1, <a href=\"mailto:danijela.palmgren@nkt.com\">Danijela Palmgren,<\/a> NKT<\/p>\n<p>Overhead Lines B2, <a href=\"mailto:andreas.adolfsson@vattenfall.com\">Andreas Adolfsson<\/a>, Vattenfall Eldistribution<\/p>\n<p>Substations and electrical installations B3, <a href=\"mailto:tommie.lindquist@ri.se\">Tommie Lindquist<\/a>, Rise<\/p>\n<p>DC systems and power electronics B4, <a href=\"mailto:abhay.kumar@hitachienergy.com\">Abhay Kumar<\/a>, Hitachi Energy Sweden<\/p>\n<p>Protection\u00a0and\u00a0Automation B5, <a href=\"mailto:niklas.svensson@svk.se\">Niklas Svensson<\/a>, Svenska kraftn\u00e4t<\/p>\n<h4>SYSTEMS<\/h4>\n<p>System Development and Economics C1, <a href=\"mailto:leif.pettersson@svk.se\">Leif Pettersson<\/a>, Svenska kraftn\u00e4t<\/p>\n<p>System Operation and Control C2, <a href=\"mailto:emil.hillberg@ri.se\">Emil Hillberg<\/a>, Rise<\/p>\n<p>System Environmental\u00a0Performance C3, <a href=\"mailto:tor.laneryd@hitachienergy.com\">Tor Laneryd<\/a>, Hitachi Energy Sweden<\/p>\n<p>System Technical Performance and analysis C4, <a href=\"mailto:christer.norlander@svk.se\">Christer Norlander<\/a>, Svenska kraftn\u00e4t<\/p>\n<p>Power Supply Regulation and Trading C5, <a href=\"mailto:camille.hamon@sweco.se\">Camille Hamon<\/a>, SWECO<\/p>\n<p>Distribution Systems and Dispersed Generation C6, <a href=\"mailto:david.lundback@vattenfall.com\">David Lundback<\/a>, Vattenfall Eldistribution<\/p>\n<h4>MATERIALS\/IT<\/h4>\n<p>Materials and Emerging Technologies for Power Systems D1, <a href=\"mailto:henrik.hillborg@nkt.com\">Henrik Hillborg<\/a>, NKT<\/p>\n<p>Information System and Tele-communication for Power Systems D2, <a href=\"mailto:mats.uhlin@vattenfall.com\">Mats Uhlin<\/a>, Vattenfall<\/p>\n<\/div>\n<\/div>\n\n    <\/div>\n<\/div>\n\n","protected":false},"excerpt":{"rendered":"<p>Syftet f\u00f6r CIGREs studiekommitt\u00e9er \u00e4r att fr\u00e4mja informationsutbyte inom respektive omr\u00e5de. Varje kommitt\u00e9 organiserar och utf\u00f6r ocks\u00e5 studier f\u00f6r teknisk utveckling och f\u00f6r att bygga upp kunskap. Det sker normalt via arbetsgrupper som i vissa fall \u00e4r gemensamma f\u00f6r flera studiekommitt\u00e9er. Genom att delta i en arbetsgrupp \u00e4r du med i kunskapsfronten vilket st\u00e4rker ditt f\u00f6retags kunskapsutveckling och konkurrenskraft. <\/p>\n","protected":false},"author":2,"featured_media":157,"parent":0,"menu_order":0,"comment_status":"closed","ping_status":"closed","template":"","meta":{"_acf_changed":false,"footnotes":""},"class_list":["post-18","page","type-page","status-publish","has-post-thumbnail","hentry"],"acf":[],"yoast_head":"<!-- This site is optimized with the Yoast SEO plugin v26.9 - https:\/\/yoast.com\/product\/yoast-seo-wordpress\/ -->\n<title>Studiekommitt\u00e9er - Cigre<\/title>\n<meta name=\"robots\" content=\"noindex, follow, max-snippet:-1, max-image-preview:large, max-video-preview:-1\" \/>\n<meta property=\"og:locale\" content=\"sv_SE\" \/>\n<meta property=\"og:type\" content=\"article\" \/>\n<meta property=\"og:title\" content=\"Studiekommitt\u00e9er - Cigre\" \/>\n<meta property=\"og:description\" content=\"Syftet f\u00f6r CIGREs studiekommitt\u00e9er \u00e4r att fr\u00e4mja informationsutbyte inom respektive omr\u00e5de. Varje kommitt\u00e9 organiserar och utf\u00f6r ocks\u00e5 studier f\u00f6r teknisk utveckling och f\u00f6r att bygga upp kunskap. Det sker normalt via arbetsgrupper som i vissa fall \u00e4r gemensamma f\u00f6r flera studiekommitt\u00e9er. Genom att delta i en arbetsgrupp \u00e4r du med i kunskapsfronten vilket st\u00e4rker ditt f\u00f6retags kunskapsutveckling och konkurrenskraft.\" \/>\n<meta property=\"og:url\" content=\"https:\/\/svcstaging.energiforsk.se\/cigre\/studiekommiteer\/\" \/>\n<meta property=\"og:site_name\" content=\"Cigre\" \/>\n<meta property=\"article:modified_time\" content=\"2025-03-25T08:45:55+00:00\" \/>\n<meta property=\"og:image\" content=\"https:\/\/svcstaging.energiforsk.se\/app\/uploads\/sites\/2\/2024\/05\/studiekommitte.jpg\" \/>\n\t<meta property=\"og:image:width\" content=\"800\" \/>\n\t<meta property=\"og:image:height\" content=\"424\" \/>\n\t<meta property=\"og:image:type\" content=\"image\/jpeg\" \/>\n<meta name=\"twitter:card\" content=\"summary_large_image\" \/>\n<meta name=\"twitter:label1\" content=\"Ber\u00e4knad l\u00e4stid\" \/>\n\t<meta name=\"twitter:data1\" content=\"1 minut\" \/>\n<script type=\"application\/ld+json\" class=\"yoast-schema-graph\">{\"@context\":\"https:\/\/schema.org\",\"@graph\":[{\"@type\":\"WebPage\",\"@id\":\"https:\/\/svcstaging.energiforsk.se\/cigre\/studiekommiteer\/\",\"url\":\"https:\/\/svcstaging.energiforsk.se\/cigre\/studiekommiteer\/\",\"name\":\"Studiekommitt\u00e9er - Cigre\",\"isPartOf\":{\"@id\":\"https:\/\/svcstaging.energiforsk.se\/cigre\/#website\"},\"primaryImageOfPage\":{\"@id\":\"https:\/\/svcstaging.energiforsk.se\/cigre\/studiekommiteer\/#primaryimage\"},\"image\":{\"@id\":\"https:\/\/svcstaging.energiforsk.se\/cigre\/studiekommiteer\/#primaryimage\"},\"thumbnailUrl\":\"https:\/\/svcstaging.energiforsk.se\/app\/uploads\/sites\/2\/2024\/05\/studiekommitte.jpg\",\"datePublished\":\"2024-04-16T12:59:42+00:00\",\"dateModified\":\"2025-03-25T08:45:55+00:00\",\"breadcrumb\":{\"@id\":\"https:\/\/svcstaging.energiforsk.se\/cigre\/studiekommiteer\/#breadcrumb\"},\"inLanguage\":\"sv-SE\",\"potentialAction\":[{\"@type\":\"ReadAction\",\"target\":[\"https:\/\/svcstaging.energiforsk.se\/cigre\/studiekommiteer\/\"]}]},{\"@type\":\"ImageObject\",\"inLanguage\":\"sv-SE\",\"@id\":\"https:\/\/svcstaging.energiforsk.se\/cigre\/studiekommiteer\/#primaryimage\",\"url\":\"https:\/\/svcstaging.energiforsk.se\/app\/uploads\/sites\/2\/2024\/05\/studiekommitte.jpg\",\"contentUrl\":\"https:\/\/svcstaging.energiforsk.se\/app\/uploads\/sites\/2\/2024\/05\/studiekommitte.jpg\",\"width\":800,\"height\":424},{\"@type\":\"BreadcrumbList\",\"@id\":\"https:\/\/svcstaging.energiforsk.se\/cigre\/studiekommiteer\/#breadcrumb\",\"itemListElement\":[{\"@type\":\"ListItem\",\"position\":1,\"name\":\"Hem\",\"item\":\"https:\/\/svcstaging.energiforsk.se\/cigre\/\"},{\"@type\":\"ListItem\",\"position\":2,\"name\":\"Studiekommitt\u00e9er\"}]},{\"@type\":\"WebSite\",\"@id\":\"https:\/\/svcstaging.energiforsk.se\/cigre\/#website\",\"url\":\"https:\/\/svcstaging.energiforsk.se\/cigre\/\",\"name\":\"Cigre\",\"description\":\"\",\"potentialAction\":[{\"@type\":\"SearchAction\",\"target\":{\"@type\":\"EntryPoint\",\"urlTemplate\":\"https:\/\/svcstaging.energiforsk.se\/cigre\/?s={search_term_string}\"},\"query-input\":{\"@type\":\"PropertyValueSpecification\",\"valueRequired\":true,\"valueName\":\"search_term_string\"}}],\"inLanguage\":\"sv-SE\"}]}<\/script>\n<!-- \/ Yoast SEO plugin. -->","yoast_head_json":{"title":"Studiekommitt\u00e9er - Cigre","robots":{"index":"noindex","follow":"follow","max-snippet":"max-snippet:-1","max-image-preview":"max-image-preview:large","max-video-preview":"max-video-preview:-1"},"og_locale":"sv_SE","og_type":"article","og_title":"Studiekommitt\u00e9er - Cigre","og_description":"Syftet f\u00f6r CIGREs studiekommitt\u00e9er \u00e4r att fr\u00e4mja informationsutbyte inom respektive omr\u00e5de. Varje kommitt\u00e9 organiserar och utf\u00f6r ocks\u00e5 studier f\u00f6r teknisk utveckling och f\u00f6r att bygga upp kunskap. Det sker normalt via arbetsgrupper som i vissa fall \u00e4r gemensamma f\u00f6r flera studiekommitt\u00e9er. Genom att delta i en arbetsgrupp \u00e4r du med i kunskapsfronten vilket st\u00e4rker ditt f\u00f6retags kunskapsutveckling och konkurrenskraft.","og_url":"https:\/\/svcstaging.energiforsk.se\/cigre\/studiekommiteer\/","og_site_name":"Cigre","article_modified_time":"2025-03-25T08:45:55+00:00","og_image":[{"width":800,"height":424,"url":"https:\/\/svcstaging.energiforsk.se\/app\/uploads\/sites\/2\/2024\/05\/studiekommitte.jpg","type":"image\/jpeg"}],"twitter_card":"summary_large_image","twitter_misc":{"Ber\u00e4knad l\u00e4stid":"1 minut"},"schema":{"@context":"https:\/\/schema.org","@graph":[{"@type":"WebPage","@id":"https:\/\/svcstaging.energiforsk.se\/cigre\/studiekommiteer\/","url":"https:\/\/svcstaging.energiforsk.se\/cigre\/studiekommiteer\/","name":"Studiekommitt\u00e9er - Cigre","isPartOf":{"@id":"https:\/\/svcstaging.energiforsk.se\/cigre\/#website"},"primaryImageOfPage":{"@id":"https:\/\/svcstaging.energiforsk.se\/cigre\/studiekommiteer\/#primaryimage"},"image":{"@id":"https:\/\/svcstaging.energiforsk.se\/cigre\/studiekommiteer\/#primaryimage"},"thumbnailUrl":"https:\/\/svcstaging.energiforsk.se\/app\/uploads\/sites\/2\/2024\/05\/studiekommitte.jpg","datePublished":"2024-04-16T12:59:42+00:00","dateModified":"2025-03-25T08:45:55+00:00","breadcrumb":{"@id":"https:\/\/svcstaging.energiforsk.se\/cigre\/studiekommiteer\/#breadcrumb"},"inLanguage":"sv-SE","potentialAction":[{"@type":"ReadAction","target":["https:\/\/svcstaging.energiforsk.se\/cigre\/studiekommiteer\/"]}]},{"@type":"ImageObject","inLanguage":"sv-SE","@id":"https:\/\/svcstaging.energiforsk.se\/cigre\/studiekommiteer\/#primaryimage","url":"https:\/\/svcstaging.energiforsk.se\/app\/uploads\/sites\/2\/2024\/05\/studiekommitte.jpg","contentUrl":"https:\/\/svcstaging.energiforsk.se\/app\/uploads\/sites\/2\/2024\/05\/studiekommitte.jpg","width":800,"height":424},{"@type":"BreadcrumbList","@id":"https:\/\/svcstaging.energiforsk.se\/cigre\/studiekommiteer\/#breadcrumb","itemListElement":[{"@type":"ListItem","position":1,"name":"Hem","item":"https:\/\/svcstaging.energiforsk.se\/cigre\/"},{"@type":"ListItem","position":2,"name":"Studiekommitt\u00e9er"}]},{"@type":"WebSite","@id":"https:\/\/svcstaging.energiforsk.se\/cigre\/#website","url":"https:\/\/svcstaging.energiforsk.se\/cigre\/","name":"Cigre","description":"","potentialAction":[{"@type":"SearchAction","target":{"@type":"EntryPoint","urlTemplate":"https:\/\/svcstaging.energiforsk.se\/cigre\/?s={search_term_string}"},"query-input":{"@type":"PropertyValueSpecification","valueRequired":true,"valueName":"search_term_string"}}],"inLanguage":"sv-SE"}]}},"_links":{"self":[{"href":"https:\/\/svcstaging.energiforsk.se\/cigre\/wp-json\/wp\/v2\/pages\/18","targetHints":{"allow":["GET"]}}],"collection":[{"href":"https:\/\/svcstaging.energiforsk.se\/cigre\/wp-json\/wp\/v2\/pages"}],"about":[{"href":"https:\/\/svcstaging.energiforsk.se\/cigre\/wp-json\/wp\/v2\/types\/page"}],"author":[{"embeddable":true,"href":"https:\/\/svcstaging.energiforsk.se\/cigre\/wp-json\/wp\/v2\/users\/2"}],"replies":[{"embeddable":true,"href":"https:\/\/svcstaging.energiforsk.se\/cigre\/wp-json\/wp\/v2\/comments?post=18"}],"version-history":[{"count":35,"href":"https:\/\/svcstaging.energiforsk.se\/cigre\/wp-json\/wp\/v2\/pages\/18\/revisions"}],"predecessor-version":[{"id":483,"href":"https:\/\/svcstaging.energiforsk.se\/cigre\/wp-json\/wp\/v2\/pages\/18\/revisions\/483"}],"wp:featuredmedia":[{"embeddable":true,"href":"https:\/\/svcstaging.energiforsk.se\/cigre\/wp-json\/wp\/v2\/media\/157"}],"wp:attachment":[{"href":"https:\/\/svcstaging.energiforsk.se\/cigre\/wp-json\/wp\/v2\/media?parent=18"}],"curies":[{"name":"wp","href":"https:\/\/api.w.org\/{rel}","templated":true}]}}