{"id":16,"date":"2024-04-16T14:59:24","date_gmt":"2024-04-16T12:59:24","guid":{"rendered":"https:\/\/svcstaging.energiforsk.se\/cigre\/?page_id=16"},"modified":"2025-09-05T11:08:40","modified_gmt":"2025-09-05T09:08:40","slug":"nationalkommitten","status":"publish","type":"page","link":"https:\/\/svcstaging.energiforsk.se\/cigre\/nationalkommitten\/","title":{"rendered":"Svenska Nationalkommitt\u00e9n f\u00f6r CIGRE"},"content":{"rendered":"<div class=\"block-core-paragraph\">\n<p>Kommitt\u00e9n har ett sekretariat som f\u00f6resl\u00e5r ledam\u00f6ter till organisationens internationella studiekommitt\u00e9er, v\u00e4ljer ut tekniska artiklar till kongresser och f\u00f6resl\u00e5r kandidater till organisationens beslutande organ.<\/p>\n<\/div>\n\n<div class=\"block-core-paragraph\">\n<p>Svenska Nationalkommitt\u00e9n har f\u00f6ljande uppgifter:<\/p>\n<\/div>\n\n<div class=\"block-core-list\">\n<ul class=\"wp-block-list\">\n<li>Att fr\u00e4mja CIGRE i Sverige<\/li>\n\n\n\n<li>Att f\u00f6resl\u00e5 svenska ledam\u00f6ter i CIGREs studiekommitt\u00e9er<\/li>\n\n\n\n<li>Att f\u00f6rbereda svensk medverkan i kongresserna i Paris<\/li>\n\n\n\n<li>Att v\u00e4lja och f\u00f6resl\u00e5 svenska tekniska rapporter till ovanst\u00e5ende kongresser<\/li>\n\n\n\n<li>Att organisera nationella konferenser och m\u00f6ten<\/li>\n\n\n\n<li>Att fr\u00e4mja och informera om artiklar f\u00f6r publicering i CIGRE Science &amp; Engineering<\/li>\n\n\n\n<li>Att uppr\u00e4tth\u00e5lla ett korrekt register med de svenska medlemmarna i CIGRE<\/li>\n\n\n\n<li>Att samla in och vidarebefordra medlemsavgifter till CIGRE CO<\/li>\n\n\n\n<li>Att distribuera information, kontakter med massmedia samt rekrytera nya svenska medlemmar till CIGRE<\/li>\n\n\n\n<li>Att uppr\u00e4tta en aktivitetsrapport f\u00f6r den Svenska Nationalkommitt\u00e9n till Forum f\u00f6r nationella kommitt\u00e9er f\u00f6r CIGRE (FNCC)<\/li>\n<\/ul>\n<\/div>\n\n<div class=\"block-core-paragraph\">\n<p>Svenska Nationalkommitt\u00e9n utser \u00e4ven svenska kandidater till CIGREs beslutande organ. D\u00e4r s\u00e5 erfordras sker samr\u00e5d med de nordiska nationalkommitt\u00e9erna.<\/p>\n<\/div>\n\n<div class=\"block-core-paragraph\">\n<p>Svenska Nationalkommitt\u00e9n ska verka f\u00f6r att svensk expertis presenterar tekniska rapporter med h\u00f6g kvalitet och aktivt medverka vid CIGRE:s kongresser.<\/p>\n<\/div>\n\n<div class=\"c-blockFacts\" style=\"background-color: #007F4B\">\n    <div class=\"c-blockFacts__facts\">\n        <h3 class=\"underlined-header\">Sammans\u00e4ttning<\/h3>\n<p><a href=\"mailto:leif.pettersson@svk.se\">Leif Pettersson<\/a> fr\u00e5n Svenska kraftn\u00e4t, ordf\u00f6rande<\/p>\n<p><a href=\"mailto:bo.westman@hitachienergy.com\">Bo Westman<\/a> fr\u00e5n Hitachi Energy Sweden, vice ordf\u00f6rande<\/p>\n<p><a href=\"mailto:anders.johnsson@vattenfall.com\">Anders Johnsson<\/a> fr\u00e5n Vattenfall Eldistribution<\/p>\n<p><a href=\"mailto:susanne.stjernfeldt@energiforsk.se\">Susanne Stjernfeldt<\/a> fr\u00e5n Energiforsk, programansvarig<\/p>\n<p><a href=\"mailto:kent.olsson@hitachienergy.com\">Kent Olsson<\/a> fr\u00e5n Hitachi Energy Sweden<\/p>\n<p><a href=\"mailto:olof.samuelsson@iea.lth.se\">Olof Samuelsson<\/a> fr\u00e5n Lunds Tekniska H\u00f6gskola<\/p>\n<p><a href=\"mailto:mehrdad@kth.se\">Mehrdad Ghandhari<\/a> fr\u00e5n Kungliga Tekniska H\u00f6gskolan<\/p>\n<p><a href=\"mailto:emil.hillberg@ri.se\">Emil Hillberg<\/a> fr\u00e5n RISE<\/p>\n<p><a href=\"mailto:stephan.stalered@ellevio.se\">Stephan St\u00e5lered<\/a> fr\u00e5n Ellevio<\/p>\n<p><a href=\"mailto:thomas.hammarstrom@chalmers.se\">Thomas Hammarstr\u00f6m<\/a> fr\u00e5n Chalmers Tekniska H\u00f6gskola<\/p>\n<p>&nbsp;<\/p>\n\n    <\/div>\n<\/div>\n\n","protected":false},"excerpt":{"rendered":"<p>Nationella kommitt\u00e9er finns som lokala organisationer i de olika medlemsl\u00e4nderna. I Sverige f\u00f6retr\u00e4ds CIGRE av Svenska Nationalkommitt\u00e9n f\u00f6r CIGRE. <\/p>\n","protected":false},"author":2,"featured_media":351,"parent":0,"menu_order":0,"comment_status":"closed","ping_status":"closed","template":"template-sidebar.blade.php","meta":{"_acf_changed":false,"footnotes":""},"class_list":["post-16","page","type-page","status-publish","has-post-thumbnail","hentry"],"acf":[],"yoast_head":"<!-- This site is optimized with the Yoast SEO plugin v26.9 - https:\/\/yoast.com\/product\/yoast-seo-wordpress\/ -->\n<title>Svenska Nationalkommitt\u00e9n f\u00f6r CIGRE - Cigre<\/title>\n<meta name=\"robots\" content=\"noindex, follow, max-snippet:-1, max-image-preview:large, max-video-preview:-1\" \/>\n<meta property=\"og:locale\" content=\"sv_SE\" \/>\n<meta property=\"og:type\" content=\"article\" \/>\n<meta property=\"og:title\" content=\"Svenska Nationalkommitt\u00e9n f\u00f6r CIGRE - Cigre\" \/>\n<meta property=\"og:description\" content=\"Nationella kommitt\u00e9er finns som lokala organisationer i de olika medlemsl\u00e4nderna. I Sverige f\u00f6retr\u00e4ds CIGRE av Svenska Nationalkommitt\u00e9n f\u00f6r CIGRE.\" \/>\n<meta property=\"og:url\" content=\"https:\/\/svcstaging.energiforsk.se\/cigre\/nationalkommitten\/\" \/>\n<meta property=\"og:site_name\" content=\"Cigre\" \/>\n<meta property=\"article:modified_time\" content=\"2025-09-05T09:08:40+00:00\" \/>\n<meta property=\"og:image\" content=\"https:\/\/svcstaging.energiforsk.se\/app\/uploads\/sites\/2\/2024\/07\/snc-2024v2.jpeg\" \/>\n\t<meta property=\"og:image:width\" content=\"1379\" \/>\n\t<meta property=\"og:image:height\" content=\"1000\" \/>\n\t<meta property=\"og:image:type\" content=\"image\/jpeg\" \/>\n<meta name=\"twitter:card\" content=\"summary_large_image\" \/>\n<meta name=\"twitter:label1\" content=\"Ber\u00e4knad l\u00e4stid\" \/>\n\t<meta name=\"twitter:data1\" content=\"2 minuter\" \/>\n<script type=\"application\/ld+json\" class=\"yoast-schema-graph\">{\"@context\":\"https:\/\/schema.org\",\"@graph\":[{\"@type\":\"WebPage\",\"@id\":\"https:\/\/svcstaging.energiforsk.se\/cigre\/nationalkommitten\/\",\"url\":\"https:\/\/svcstaging.energiforsk.se\/cigre\/nationalkommitten\/\",\"name\":\"Svenska Nationalkommitt\u00e9n f\u00f6r CIGRE - Cigre\",\"isPartOf\":{\"@id\":\"https:\/\/svcstaging.energiforsk.se\/cigre\/#website\"},\"primaryImageOfPage\":{\"@id\":\"https:\/\/svcstaging.energiforsk.se\/cigre\/nationalkommitten\/#primaryimage\"},\"image\":{\"@id\":\"https:\/\/svcstaging.energiforsk.se\/cigre\/nationalkommitten\/#primaryimage\"},\"thumbnailUrl\":\"https:\/\/svcstaging.energiforsk.se\/app\/uploads\/sites\/2\/2024\/07\/snc-2024v2.jpeg\",\"datePublished\":\"2024-04-16T12:59:24+00:00\",\"dateModified\":\"2025-09-05T09:08:40+00:00\",\"breadcrumb\":{\"@id\":\"https:\/\/svcstaging.energiforsk.se\/cigre\/nationalkommitten\/#breadcrumb\"},\"inLanguage\":\"sv-SE\",\"potentialAction\":[{\"@type\":\"ReadAction\",\"target\":[\"https:\/\/svcstaging.energiforsk.se\/cigre\/nationalkommitten\/\"]}]},{\"@type\":\"ImageObject\",\"inLanguage\":\"sv-SE\",\"@id\":\"https:\/\/svcstaging.energiforsk.se\/cigre\/nationalkommitten\/#primaryimage\",\"url\":\"https:\/\/svcstaging.energiforsk.se\/app\/uploads\/sites\/2\/2024\/07\/snc-2024v2.jpeg\",\"contentUrl\":\"https:\/\/svcstaging.energiforsk.se\/app\/uploads\/sites\/2\/2024\/07\/snc-2024v2.jpeg\",\"width\":1379,\"height\":1000},{\"@type\":\"BreadcrumbList\",\"@id\":\"https:\/\/svcstaging.energiforsk.se\/cigre\/nationalkommitten\/#breadcrumb\",\"itemListElement\":[{\"@type\":\"ListItem\",\"position\":1,\"name\":\"Hem\",\"item\":\"https:\/\/svcstaging.energiforsk.se\/cigre\/\"},{\"@type\":\"ListItem\",\"position\":2,\"name\":\"Svenska Nationalkommitt\u00e9n f\u00f6r CIGRE\"}]},{\"@type\":\"WebSite\",\"@id\":\"https:\/\/svcstaging.energiforsk.se\/cigre\/#website\",\"url\":\"https:\/\/svcstaging.energiforsk.se\/cigre\/\",\"name\":\"Cigre\",\"description\":\"\",\"potentialAction\":[{\"@type\":\"SearchAction\",\"target\":{\"@type\":\"EntryPoint\",\"urlTemplate\":\"https:\/\/svcstaging.energiforsk.se\/cigre\/?s={search_term_string}\"},\"query-input\":{\"@type\":\"PropertyValueSpecification\",\"valueRequired\":true,\"valueName\":\"search_term_string\"}}],\"inLanguage\":\"sv-SE\"}]}<\/script>\n<!-- \/ Yoast SEO plugin. -->","yoast_head_json":{"title":"Svenska Nationalkommitt\u00e9n f\u00f6r CIGRE - Cigre","robots":{"index":"noindex","follow":"follow","max-snippet":"max-snippet:-1","max-image-preview":"max-image-preview:large","max-video-preview":"max-video-preview:-1"},"og_locale":"sv_SE","og_type":"article","og_title":"Svenska Nationalkommitt\u00e9n f\u00f6r CIGRE - Cigre","og_description":"Nationella kommitt\u00e9er finns som lokala organisationer i de olika medlemsl\u00e4nderna. I Sverige f\u00f6retr\u00e4ds CIGRE av Svenska Nationalkommitt\u00e9n f\u00f6r CIGRE.","og_url":"https:\/\/svcstaging.energiforsk.se\/cigre\/nationalkommitten\/","og_site_name":"Cigre","article_modified_time":"2025-09-05T09:08:40+00:00","og_image":[{"width":1379,"height":1000,"url":"https:\/\/svcstaging.energiforsk.se\/app\/uploads\/sites\/2\/2024\/07\/snc-2024v2.jpeg","type":"image\/jpeg"}],"twitter_card":"summary_large_image","twitter_misc":{"Ber\u00e4knad l\u00e4stid":"2 minuter"},"schema":{"@context":"https:\/\/schema.org","@graph":[{"@type":"WebPage","@id":"https:\/\/svcstaging.energiforsk.se\/cigre\/nationalkommitten\/","url":"https:\/\/svcstaging.energiforsk.se\/cigre\/nationalkommitten\/","name":"Svenska Nationalkommitt\u00e9n f\u00f6r CIGRE - Cigre","isPartOf":{"@id":"https:\/\/svcstaging.energiforsk.se\/cigre\/#website"},"primaryImageOfPage":{"@id":"https:\/\/svcstaging.energiforsk.se\/cigre\/nationalkommitten\/#primaryimage"},"image":{"@id":"https:\/\/svcstaging.energiforsk.se\/cigre\/nationalkommitten\/#primaryimage"},"thumbnailUrl":"https:\/\/svcstaging.energiforsk.se\/app\/uploads\/sites\/2\/2024\/07\/snc-2024v2.jpeg","datePublished":"2024-04-16T12:59:24+00:00","dateModified":"2025-09-05T09:08:40+00:00","breadcrumb":{"@id":"https:\/\/svcstaging.energiforsk.se\/cigre\/nationalkommitten\/#breadcrumb"},"inLanguage":"sv-SE","potentialAction":[{"@type":"ReadAction","target":["https:\/\/svcstaging.energiforsk.se\/cigre\/nationalkommitten\/"]}]},{"@type":"ImageObject","inLanguage":"sv-SE","@id":"https:\/\/svcstaging.energiforsk.se\/cigre\/nationalkommitten\/#primaryimage","url":"https:\/\/svcstaging.energiforsk.se\/app\/uploads\/sites\/2\/2024\/07\/snc-2024v2.jpeg","contentUrl":"https:\/\/svcstaging.energiforsk.se\/app\/uploads\/sites\/2\/2024\/07\/snc-2024v2.jpeg","width":1379,"height":1000},{"@type":"BreadcrumbList","@id":"https:\/\/svcstaging.energiforsk.se\/cigre\/nationalkommitten\/#breadcrumb","itemListElement":[{"@type":"ListItem","position":1,"name":"Hem","item":"https:\/\/svcstaging.energiforsk.se\/cigre\/"},{"@type":"ListItem","position":2,"name":"Svenska Nationalkommitt\u00e9n f\u00f6r CIGRE"}]},{"@type":"WebSite","@id":"https:\/\/svcstaging.energiforsk.se\/cigre\/#website","url":"https:\/\/svcstaging.energiforsk.se\/cigre\/","name":"Cigre","description":"","potentialAction":[{"@type":"SearchAction","target":{"@type":"EntryPoint","urlTemplate":"https:\/\/svcstaging.energiforsk.se\/cigre\/?s={search_term_string}"},"query-input":{"@type":"PropertyValueSpecification","valueRequired":true,"valueName":"search_term_string"}}],"inLanguage":"sv-SE"}]}},"_links":{"self":[{"href":"https:\/\/svcstaging.energiforsk.se\/cigre\/wp-json\/wp\/v2\/pages\/16","targetHints":{"allow":["GET"]}}],"collection":[{"href":"https:\/\/svcstaging.energiforsk.se\/cigre\/wp-json\/wp\/v2\/pages"}],"about":[{"href":"https:\/\/svcstaging.energiforsk.se\/cigre\/wp-json\/wp\/v2\/types\/page"}],"author":[{"embeddable":true,"href":"https:\/\/svcstaging.energiforsk.se\/cigre\/wp-json\/wp\/v2\/users\/2"}],"replies":[{"embeddable":true,"href":"https:\/\/svcstaging.energiforsk.se\/cigre\/wp-json\/wp\/v2\/comments?post=16"}],"version-history":[{"count":27,"href":"https:\/\/svcstaging.energiforsk.se\/cigre\/wp-json\/wp\/v2\/pages\/16\/revisions"}],"predecessor-version":[{"id":514,"href":"https:\/\/svcstaging.energiforsk.se\/cigre\/wp-json\/wp\/v2\/pages\/16\/revisions\/514"}],"wp:featuredmedia":[{"embeddable":true,"href":"https:\/\/svcstaging.energiforsk.se\/cigre\/wp-json\/wp\/v2\/media\/351"}],"wp:attachment":[{"href":"https:\/\/svcstaging.energiforsk.se\/cigre\/wp-json\/wp\/v2\/media?parent=16"}],"curies":[{"name":"wp","href":"https:\/\/api.w.org\/{rel}","templated":true}]}}