{"id":14,"date":"2024-04-16T14:59:06","date_gmt":"2024-04-16T12:59:06","guid":{"rendered":"https:\/\/svcstaging.energiforsk.se\/cigre\/?page_id=14"},"modified":"2025-01-08T16:41:09","modified_gmt":"2025-01-08T15:41:09","slug":"nordiskt-samarbete","status":"publish","type":"page","link":"https:\/\/svcstaging.energiforsk.se\/cigre\/nordiskt-samarbete\/","title":{"rendered":"Nordiska regionr\u00e5det f\u00f6r CIGRE"},"content":{"rendered":"<div class=\"block-core-paragraph\">\n<p>Nordiska regionr\u00e5det kommer att:<\/p>\n<\/div>\n\n<div class=\"block-core-list\">\n<ul class=\"wp-block-list\">\n<li>Arbeta f\u00f6r att uppn\u00e5 ytterligare f\u00f6rdelar f\u00f6r de nationella n\u00e4mnderna i regionen.<\/li>\n\n\n\n<li>Skapa CIGRE-aktiviteter i ett st\u00f6rre geografiskt omr\u00e5de och \u00f6ka interaktionen mellan experter i regionen.<\/li>\n\n\n\n<li>Stimulera aktiviteter p\u00e5 regional niv\u00e5, som Symposium, Colloquium med mera, med mindre ekonomisk risk och \u00f6kat deltagande, j\u00e4mf\u00f6rt med aktiviteter som enbart baseras p\u00e5 nationella kommitt\u00e9er. Symposium i Trondheim 2025 \u00e4r ett resultat av detta arbete.<\/li>\n<\/ul>\n<\/div>","protected":false},"excerpt":{"rendered":"<p>Nordiska regionr\u00e5det f\u00f6r Cigre, NRCC, \u00e4r en av fyra liknande f\u00f6reningar inom Cigre-familjen. Den best\u00e5r av de nationella kommitt\u00e9erna fr\u00e5n Danmark, Estland, Finland, Island, Norge och Sverige. <\/p>\n","protected":false},"author":2,"featured_media":202,"parent":0,"menu_order":0,"comment_status":"closed","ping_status":"closed","template":"template-sidebar.blade.php","meta":{"_acf_changed":false,"footnotes":""},"class_list":["post-14","page","type-page","status-publish","has-post-thumbnail","hentry"],"acf":[],"yoast_head":"<!-- This site is optimized with the Yoast SEO plugin v26.9 - https:\/\/yoast.com\/product\/yoast-seo-wordpress\/ -->\n<title>Nordiska regionr\u00e5det f\u00f6r CIGRE - Cigre<\/title>\n<meta name=\"robots\" content=\"noindex, follow, max-snippet:-1, max-image-preview:large, max-video-preview:-1\" \/>\n<meta property=\"og:locale\" content=\"sv_SE\" \/>\n<meta property=\"og:type\" content=\"article\" \/>\n<meta property=\"og:title\" content=\"Nordiska regionr\u00e5det f\u00f6r CIGRE - Cigre\" \/>\n<meta property=\"og:description\" content=\"Nordiska regionr\u00e5det f\u00f6r Cigre, NRCC, \u00e4r en av fyra liknande f\u00f6reningar inom Cigre-familjen. Den best\u00e5r av de nationella kommitt\u00e9erna fr\u00e5n Danmark, Estland, Finland, Island, Norge och Sverige.\" \/>\n<meta property=\"og:url\" content=\"https:\/\/svcstaging.energiforsk.se\/cigre\/nordiskt-samarbete\/\" \/>\n<meta property=\"og:site_name\" content=\"Cigre\" \/>\n<meta property=\"article:modified_time\" content=\"2025-01-08T15:41:09+00:00\" \/>\n<meta property=\"og:image\" content=\"https:\/\/svcstaging.energiforsk.se\/app\/uploads\/sites\/2\/2024\/05\/nrcc-web.png\" \/>\n\t<meta property=\"og:image:width\" content=\"1200\" \/>\n\t<meta property=\"og:image:height\" content=\"716\" \/>\n\t<meta property=\"og:image:type\" content=\"image\/png\" \/>\n<meta name=\"twitter:card\" content=\"summary_large_image\" \/>\n<meta name=\"twitter:label1\" content=\"Ber\u00e4knad l\u00e4stid\" \/>\n\t<meta name=\"twitter:data1\" content=\"1 minut\" \/>\n<script type=\"application\/ld+json\" class=\"yoast-schema-graph\">{\"@context\":\"https:\/\/schema.org\",\"@graph\":[{\"@type\":\"WebPage\",\"@id\":\"https:\/\/svcstaging.energiforsk.se\/cigre\/nordiskt-samarbete\/\",\"url\":\"https:\/\/svcstaging.energiforsk.se\/cigre\/nordiskt-samarbete\/\",\"name\":\"Nordiska regionr\u00e5det f\u00f6r CIGRE - Cigre\",\"isPartOf\":{\"@id\":\"https:\/\/svcstaging.energiforsk.se\/cigre\/#website\"},\"primaryImageOfPage\":{\"@id\":\"https:\/\/svcstaging.energiforsk.se\/cigre\/nordiskt-samarbete\/#primaryimage\"},\"image\":{\"@id\":\"https:\/\/svcstaging.energiforsk.se\/cigre\/nordiskt-samarbete\/#primaryimage\"},\"thumbnailUrl\":\"https:\/\/svcstaging.energiforsk.se\/app\/uploads\/sites\/2\/2024\/05\/nrcc-web.png\",\"datePublished\":\"2024-04-16T12:59:06+00:00\",\"dateModified\":\"2025-01-08T15:41:09+00:00\",\"breadcrumb\":{\"@id\":\"https:\/\/svcstaging.energiforsk.se\/cigre\/nordiskt-samarbete\/#breadcrumb\"},\"inLanguage\":\"sv-SE\",\"potentialAction\":[{\"@type\":\"ReadAction\",\"target\":[\"https:\/\/svcstaging.energiforsk.se\/cigre\/nordiskt-samarbete\/\"]}]},{\"@type\":\"ImageObject\",\"inLanguage\":\"sv-SE\",\"@id\":\"https:\/\/svcstaging.energiforsk.se\/cigre\/nordiskt-samarbete\/#primaryimage\",\"url\":\"https:\/\/svcstaging.energiforsk.se\/app\/uploads\/sites\/2\/2024\/05\/nrcc-web.png\",\"contentUrl\":\"https:\/\/svcstaging.energiforsk.se\/app\/uploads\/sites\/2\/2024\/05\/nrcc-web.png\",\"width\":1200,\"height\":716},{\"@type\":\"BreadcrumbList\",\"@id\":\"https:\/\/svcstaging.energiforsk.se\/cigre\/nordiskt-samarbete\/#breadcrumb\",\"itemListElement\":[{\"@type\":\"ListItem\",\"position\":1,\"name\":\"Hem\",\"item\":\"https:\/\/svcstaging.energiforsk.se\/cigre\/\"},{\"@type\":\"ListItem\",\"position\":2,\"name\":\"Nordiska regionr\u00e5det f\u00f6r CIGRE\"}]},{\"@type\":\"WebSite\",\"@id\":\"https:\/\/svcstaging.energiforsk.se\/cigre\/#website\",\"url\":\"https:\/\/svcstaging.energiforsk.se\/cigre\/\",\"name\":\"Cigre\",\"description\":\"\",\"potentialAction\":[{\"@type\":\"SearchAction\",\"target\":{\"@type\":\"EntryPoint\",\"urlTemplate\":\"https:\/\/svcstaging.energiforsk.se\/cigre\/?s={search_term_string}\"},\"query-input\":{\"@type\":\"PropertyValueSpecification\",\"valueRequired\":true,\"valueName\":\"search_term_string\"}}],\"inLanguage\":\"sv-SE\"}]}<\/script>\n<!-- \/ Yoast SEO plugin. -->","yoast_head_json":{"title":"Nordiska regionr\u00e5det f\u00f6r CIGRE - Cigre","robots":{"index":"noindex","follow":"follow","max-snippet":"max-snippet:-1","max-image-preview":"max-image-preview:large","max-video-preview":"max-video-preview:-1"},"og_locale":"sv_SE","og_type":"article","og_title":"Nordiska regionr\u00e5det f\u00f6r CIGRE - Cigre","og_description":"Nordiska regionr\u00e5det f\u00f6r Cigre, NRCC, \u00e4r en av fyra liknande f\u00f6reningar inom Cigre-familjen. Den best\u00e5r av de nationella kommitt\u00e9erna fr\u00e5n Danmark, Estland, Finland, Island, Norge och Sverige.","og_url":"https:\/\/svcstaging.energiforsk.se\/cigre\/nordiskt-samarbete\/","og_site_name":"Cigre","article_modified_time":"2025-01-08T15:41:09+00:00","og_image":[{"width":1200,"height":716,"url":"https:\/\/svcstaging.energiforsk.se\/app\/uploads\/sites\/2\/2024\/05\/nrcc-web.png","type":"image\/png"}],"twitter_card":"summary_large_image","twitter_misc":{"Ber\u00e4knad l\u00e4stid":"1 minut"},"schema":{"@context":"https:\/\/schema.org","@graph":[{"@type":"WebPage","@id":"https:\/\/svcstaging.energiforsk.se\/cigre\/nordiskt-samarbete\/","url":"https:\/\/svcstaging.energiforsk.se\/cigre\/nordiskt-samarbete\/","name":"Nordiska regionr\u00e5det f\u00f6r CIGRE - Cigre","isPartOf":{"@id":"https:\/\/svcstaging.energiforsk.se\/cigre\/#website"},"primaryImageOfPage":{"@id":"https:\/\/svcstaging.energiforsk.se\/cigre\/nordiskt-samarbete\/#primaryimage"},"image":{"@id":"https:\/\/svcstaging.energiforsk.se\/cigre\/nordiskt-samarbete\/#primaryimage"},"thumbnailUrl":"https:\/\/svcstaging.energiforsk.se\/app\/uploads\/sites\/2\/2024\/05\/nrcc-web.png","datePublished":"2024-04-16T12:59:06+00:00","dateModified":"2025-01-08T15:41:09+00:00","breadcrumb":{"@id":"https:\/\/svcstaging.energiforsk.se\/cigre\/nordiskt-samarbete\/#breadcrumb"},"inLanguage":"sv-SE","potentialAction":[{"@type":"ReadAction","target":["https:\/\/svcstaging.energiforsk.se\/cigre\/nordiskt-samarbete\/"]}]},{"@type":"ImageObject","inLanguage":"sv-SE","@id":"https:\/\/svcstaging.energiforsk.se\/cigre\/nordiskt-samarbete\/#primaryimage","url":"https:\/\/svcstaging.energiforsk.se\/app\/uploads\/sites\/2\/2024\/05\/nrcc-web.png","contentUrl":"https:\/\/svcstaging.energiforsk.se\/app\/uploads\/sites\/2\/2024\/05\/nrcc-web.png","width":1200,"height":716},{"@type":"BreadcrumbList","@id":"https:\/\/svcstaging.energiforsk.se\/cigre\/nordiskt-samarbete\/#breadcrumb","itemListElement":[{"@type":"ListItem","position":1,"name":"Hem","item":"https:\/\/svcstaging.energiforsk.se\/cigre\/"},{"@type":"ListItem","position":2,"name":"Nordiska regionr\u00e5det f\u00f6r CIGRE"}]},{"@type":"WebSite","@id":"https:\/\/svcstaging.energiforsk.se\/cigre\/#website","url":"https:\/\/svcstaging.energiforsk.se\/cigre\/","name":"Cigre","description":"","potentialAction":[{"@type":"SearchAction","target":{"@type":"EntryPoint","urlTemplate":"https:\/\/svcstaging.energiforsk.se\/cigre\/?s={search_term_string}"},"query-input":{"@type":"PropertyValueSpecification","valueRequired":true,"valueName":"search_term_string"}}],"inLanguage":"sv-SE"}]}},"_links":{"self":[{"href":"https:\/\/svcstaging.energiforsk.se\/cigre\/wp-json\/wp\/v2\/pages\/14","targetHints":{"allow":["GET"]}}],"collection":[{"href":"https:\/\/svcstaging.energiforsk.se\/cigre\/wp-json\/wp\/v2\/pages"}],"about":[{"href":"https:\/\/svcstaging.energiforsk.se\/cigre\/wp-json\/wp\/v2\/types\/page"}],"author":[{"embeddable":true,"href":"https:\/\/svcstaging.energiforsk.se\/cigre\/wp-json\/wp\/v2\/users\/2"}],"replies":[{"embeddable":true,"href":"https:\/\/svcstaging.energiforsk.se\/cigre\/wp-json\/wp\/v2\/comments?post=14"}],"version-history":[{"count":11,"href":"https:\/\/svcstaging.energiforsk.se\/cigre\/wp-json\/wp\/v2\/pages\/14\/revisions"}],"predecessor-version":[{"id":443,"href":"https:\/\/svcstaging.energiforsk.se\/cigre\/wp-json\/wp\/v2\/pages\/14\/revisions\/443"}],"wp:featuredmedia":[{"embeddable":true,"href":"https:\/\/svcstaging.energiforsk.se\/cigre\/wp-json\/wp\/v2\/media\/202"}],"wp:attachment":[{"href":"https:\/\/svcstaging.energiforsk.se\/cigre\/wp-json\/wp\/v2\/media?parent=14"}],"curies":[{"name":"wp","href":"https:\/\/api.w.org\/{rel}","templated":true}]}}