{"id":10,"date":"2024-04-16T14:57:59","date_gmt":"2024-04-16T12:57:59","guid":{"rendered":"https:\/\/svcstaging.energiforsk.se\/cigre\/?page_id=10"},"modified":"2025-01-08T17:01:40","modified_gmt":"2025-01-08T16:01:40","slug":"e-cigre","status":"publish","type":"page","link":"https:\/\/svcstaging.energiforsk.se\/cigre\/e-cigre\/","title":{"rendered":"e-CIGRE"},"content":{"rendered":"<div class=\"block-core-paragraph\">\n<p>F\u00f6r att f\u00e5 tillg\u00e5ng till materialet i e-CIGRE, logga in via <a href=\"https:\/\/www.e-cigre.org\" target=\"_blank\" rel=\"noreferrer noopener\">e-cigre online<\/a>.<\/p>\n<\/div>\n\n<div class=\"block-core-paragraph\">\n<p>Har du inget konto? Skapa det <a href=\"https:\/\/www.e-cigre.org\/account-creation.html\" target=\"_blank\" rel=\"noreferrer noopener\">h\u00e4r<\/a>. Om du \u00e4r medlem i CIGRE kan du l\u00e4gga till ditt medlemsnummer f\u00f6r att f\u00e5 tillg\u00e5ng till kostnadsfria publikationer och specialpriser.<\/p>\n<\/div>","protected":false},"excerpt":{"rendered":"<p>P\u00e5 e-CIGRE publiceras h\u00f6gkvalitativa artiklar om aktuell forskning, utveckling och praktiska studier relaterade till olika aspekter av elkraft och energiteknik.<\/p>\n","protected":false},"author":2,"featured_media":0,"parent":0,"menu_order":0,"comment_status":"closed","ping_status":"closed","template":"","meta":{"_acf_changed":false,"footnotes":""},"class_list":["post-10","page","type-page","status-publish","hentry"],"acf":[],"yoast_head":"<!-- This site is optimized with the Yoast SEO plugin v26.9 - https:\/\/yoast.com\/product\/yoast-seo-wordpress\/ -->\n<title>e-CIGRE - Cigre<\/title>\n<meta name=\"robots\" content=\"noindex, follow, max-snippet:-1, max-image-preview:large, max-video-preview:-1\" \/>\n<meta property=\"og:locale\" content=\"sv_SE\" \/>\n<meta property=\"og:type\" content=\"article\" \/>\n<meta property=\"og:title\" content=\"e-CIGRE - Cigre\" \/>\n<meta property=\"og:description\" content=\"P\u00e5 e-CIGRE publiceras h\u00f6gkvalitativa artiklar om aktuell forskning, utveckling och praktiska studier relaterade till olika aspekter av elkraft och energiteknik.\" \/>\n<meta property=\"og:url\" content=\"https:\/\/svcstaging.energiforsk.se\/cigre\/e-cigre\/\" \/>\n<meta property=\"og:site_name\" content=\"Cigre\" \/>\n<meta property=\"article:modified_time\" content=\"2025-01-08T16:01:40+00:00\" \/>\n<meta name=\"twitter:card\" content=\"summary_large_image\" \/>\n<meta name=\"twitter:label1\" content=\"Ber\u00e4knad l\u00e4stid\" \/>\n\t<meta name=\"twitter:data1\" content=\"1 minut\" \/>\n<script type=\"application\/ld+json\" class=\"yoast-schema-graph\">{\"@context\":\"https:\/\/schema.org\",\"@graph\":[{\"@type\":\"WebPage\",\"@id\":\"https:\/\/svcstaging.energiforsk.se\/cigre\/e-cigre\/\",\"url\":\"https:\/\/svcstaging.energiforsk.se\/cigre\/e-cigre\/\",\"name\":\"e-CIGRE - Cigre\",\"isPartOf\":{\"@id\":\"https:\/\/svcstaging.energiforsk.se\/cigre\/#website\"},\"datePublished\":\"2024-04-16T12:57:59+00:00\",\"dateModified\":\"2025-01-08T16:01:40+00:00\",\"breadcrumb\":{\"@id\":\"https:\/\/svcstaging.energiforsk.se\/cigre\/e-cigre\/#breadcrumb\"},\"inLanguage\":\"sv-SE\",\"potentialAction\":[{\"@type\":\"ReadAction\",\"target\":[\"https:\/\/svcstaging.energiforsk.se\/cigre\/e-cigre\/\"]}]},{\"@type\":\"BreadcrumbList\",\"@id\":\"https:\/\/svcstaging.energiforsk.se\/cigre\/e-cigre\/#breadcrumb\",\"itemListElement\":[{\"@type\":\"ListItem\",\"position\":1,\"name\":\"Hem\",\"item\":\"https:\/\/svcstaging.energiforsk.se\/cigre\/\"},{\"@type\":\"ListItem\",\"position\":2,\"name\":\"e-CIGRE\"}]},{\"@type\":\"WebSite\",\"@id\":\"https:\/\/svcstaging.energiforsk.se\/cigre\/#website\",\"url\":\"https:\/\/svcstaging.energiforsk.se\/cigre\/\",\"name\":\"Cigre\",\"description\":\"\",\"potentialAction\":[{\"@type\":\"SearchAction\",\"target\":{\"@type\":\"EntryPoint\",\"urlTemplate\":\"https:\/\/svcstaging.energiforsk.se\/cigre\/?s={search_term_string}\"},\"query-input\":{\"@type\":\"PropertyValueSpecification\",\"valueRequired\":true,\"valueName\":\"search_term_string\"}}],\"inLanguage\":\"sv-SE\"}]}<\/script>\n<!-- \/ Yoast SEO plugin. -->","yoast_head_json":{"title":"e-CIGRE - Cigre","robots":{"index":"noindex","follow":"follow","max-snippet":"max-snippet:-1","max-image-preview":"max-image-preview:large","max-video-preview":"max-video-preview:-1"},"og_locale":"sv_SE","og_type":"article","og_title":"e-CIGRE - Cigre","og_description":"P\u00e5 e-CIGRE publiceras h\u00f6gkvalitativa artiklar om aktuell forskning, utveckling och praktiska studier relaterade till olika aspekter av elkraft och energiteknik.","og_url":"https:\/\/svcstaging.energiforsk.se\/cigre\/e-cigre\/","og_site_name":"Cigre","article_modified_time":"2025-01-08T16:01:40+00:00","twitter_card":"summary_large_image","twitter_misc":{"Ber\u00e4knad l\u00e4stid":"1 minut"},"schema":{"@context":"https:\/\/schema.org","@graph":[{"@type":"WebPage","@id":"https:\/\/svcstaging.energiforsk.se\/cigre\/e-cigre\/","url":"https:\/\/svcstaging.energiforsk.se\/cigre\/e-cigre\/","name":"e-CIGRE - Cigre","isPartOf":{"@id":"https:\/\/svcstaging.energiforsk.se\/cigre\/#website"},"datePublished":"2024-04-16T12:57:59+00:00","dateModified":"2025-01-08T16:01:40+00:00","breadcrumb":{"@id":"https:\/\/svcstaging.energiforsk.se\/cigre\/e-cigre\/#breadcrumb"},"inLanguage":"sv-SE","potentialAction":[{"@type":"ReadAction","target":["https:\/\/svcstaging.energiforsk.se\/cigre\/e-cigre\/"]}]},{"@type":"BreadcrumbList","@id":"https:\/\/svcstaging.energiforsk.se\/cigre\/e-cigre\/#breadcrumb","itemListElement":[{"@type":"ListItem","position":1,"name":"Hem","item":"https:\/\/svcstaging.energiforsk.se\/cigre\/"},{"@type":"ListItem","position":2,"name":"e-CIGRE"}]},{"@type":"WebSite","@id":"https:\/\/svcstaging.energiforsk.se\/cigre\/#website","url":"https:\/\/svcstaging.energiforsk.se\/cigre\/","name":"Cigre","description":"","potentialAction":[{"@type":"SearchAction","target":{"@type":"EntryPoint","urlTemplate":"https:\/\/svcstaging.energiforsk.se\/cigre\/?s={search_term_string}"},"query-input":{"@type":"PropertyValueSpecification","valueRequired":true,"valueName":"search_term_string"}}],"inLanguage":"sv-SE"}]}},"_links":{"self":[{"href":"https:\/\/svcstaging.energiforsk.se\/cigre\/wp-json\/wp\/v2\/pages\/10","targetHints":{"allow":["GET"]}}],"collection":[{"href":"https:\/\/svcstaging.energiforsk.se\/cigre\/wp-json\/wp\/v2\/pages"}],"about":[{"href":"https:\/\/svcstaging.energiforsk.se\/cigre\/wp-json\/wp\/v2\/types\/page"}],"author":[{"embeddable":true,"href":"https:\/\/svcstaging.energiforsk.se\/cigre\/wp-json\/wp\/v2\/users\/2"}],"replies":[{"embeddable":true,"href":"https:\/\/svcstaging.energiforsk.se\/cigre\/wp-json\/wp\/v2\/comments?post=10"}],"version-history":[{"count":9,"href":"https:\/\/svcstaging.energiforsk.se\/cigre\/wp-json\/wp\/v2\/pages\/10\/revisions"}],"predecessor-version":[{"id":461,"href":"https:\/\/svcstaging.energiforsk.se\/cigre\/wp-json\/wp\/v2\/pages\/10\/revisions\/461"}],"wp:attachment":[{"href":"https:\/\/svcstaging.energiforsk.se\/cigre\/wp-json\/wp\/v2\/media?parent=10"}],"curies":[{"name":"wp","href":"https:\/\/api.w.org\/{rel}","templated":true}]}}